{"id":95,"date":"2021-10-02T10:35:29","date_gmt":"2021-10-02T08:35:29","guid":{"rendered":"https:\/\/www.lsing.cz\/?page_id=95"},"modified":"2021-10-16T17:07:57","modified_gmt":"2021-10-16T15:07:57","slug":"transportni-technologie-voziky","status":"publish","type":"page","link":"https:\/\/www.lsing.cz\/index.php\/produkty\/transportni-technologie-voziky\/","title":{"rendered":"Transportn\u00ed technologie &#8211; Voz\u00edky"},"content":{"rendered":"\n<ul class=\"wp-block-list\"><li>Manipula\u010dn\u00ed a mont\u00e1\u017en\u00ed voz\u00edky r\u016fzn\u00e9ho druhu ur\u010den\u00e9 pro vnit\u0159n\u00ed i venkovn\u00ed pou\u017eit\u00ed pro V\u00e1s vyrob\u00edme p\u0159esn\u011b na m\u00edru dle Va\u0161ich po\u017eadavk\u016f.<\/li><li>leti\u0161tn\u00ed technika<ul><li>ta\u017een\u00e9 voz\u00edky typu DOLY a\u017e do nosnosti 7000 kg<\/li><li>slave palety s v\u00e1le\u010dkovou dr\u00e1hou do nosnosti 7000 kg<\/li><li>GLP palety do velk\u00fdch reg\u00e1l\u016f v CARGO provozech<\/li><li>ta\u017een\u00e9 voz\u00edky na zavazadla dle po\u017eadavku z\u00e1kazn\u00edka<\/li><\/ul><\/li><\/ul>\n\n\n\n<figure class=\"wp-block-gallery columns-3 is-cropped wp-block-gallery-1 is-layout-flex wp-block-gallery-is-layout-flex\"><ul class=\"blocks-gallery-grid\"><li class=\"blocks-gallery-item\"><figure><a href=\"https:\/\/www.lsing.cz\/wp-content\/uploads\/2021\/10\/transportni-technologie-voziky-1.jpg\"><img loading=\"lazy\" decoding=\"async\" width=\"800\" height=\"600\" src=\"https:\/\/www.lsing.cz\/wp-content\/uploads\/2021\/10\/transportni-technologie-voziky-1.jpg\" alt=\"\" data-id=\"220\" data-full-url=\"https:\/\/www.lsing.cz\/wp-content\/uploads\/2021\/10\/transportni-technologie-voziky-1.jpg\" data-link=\"https:\/\/www.lsing.cz\/index.php\/produkty\/transportni-technologie-voziky\/transportni-technologie-voziky-1\/\" class=\"wp-image-220\" srcset=\"https:\/\/www.lsing.cz\/wp-content\/uploads\/2021\/10\/transportni-technologie-voziky-1.jpg 800w, https:\/\/www.lsing.cz\/wp-content\/uploads\/2021\/10\/transportni-technologie-voziky-1-300x225.jpg 300w, https:\/\/www.lsing.cz\/wp-content\/uploads\/2021\/10\/transportni-technologie-voziky-1-768x576.jpg 768w\" sizes=\"auto, (max-width: 800px) 100vw, 800px\" \/><\/a><\/figure><\/li><li class=\"blocks-gallery-item\"><figure><a href=\"https:\/\/www.lsing.cz\/wp-content\/uploads\/2021\/10\/transportni-technologie-voziky-2.jpg\"><img loading=\"lazy\" decoding=\"async\" width=\"800\" height=\"600\" src=\"https:\/\/www.lsing.cz\/wp-content\/uploads\/2021\/10\/transportni-technologie-voziky-2.jpg\" alt=\"\" data-id=\"221\" data-full-url=\"https:\/\/www.lsing.cz\/wp-content\/uploads\/2021\/10\/transportni-technologie-voziky-2.jpg\" data-link=\"https:\/\/www.lsing.cz\/index.php\/produkty\/transportni-technologie-voziky\/transportni-technologie-voziky-2\/\" class=\"wp-image-221\" srcset=\"https:\/\/www.lsing.cz\/wp-content\/uploads\/2021\/10\/transportni-technologie-voziky-2.jpg 800w, https:\/\/www.lsing.cz\/wp-content\/uploads\/2021\/10\/transportni-technologie-voziky-2-300x225.jpg 300w, https:\/\/www.lsing.cz\/wp-content\/uploads\/2021\/10\/transportni-technologie-voziky-2-768x576.jpg 768w\" sizes=\"auto, (max-width: 800px) 100vw, 800px\" \/><\/a><\/figure><\/li><li class=\"blocks-gallery-item\"><figure><a href=\"https:\/\/www.lsing.cz\/wp-content\/uploads\/2021\/10\/transportni-technologie-voziky-3.jpg\"><img loading=\"lazy\" decoding=\"async\" width=\"800\" height=\"600\" src=\"https:\/\/www.lsing.cz\/wp-content\/uploads\/2021\/10\/transportni-technologie-voziky-3.jpg\" alt=\"\" data-id=\"222\" data-full-url=\"https:\/\/www.lsing.cz\/wp-content\/uploads\/2021\/10\/transportni-technologie-voziky-3.jpg\" data-link=\"https:\/\/www.lsing.cz\/index.php\/produkty\/transportni-technologie-voziky\/transportni-technologie-voziky-3\/\" class=\"wp-image-222\" srcset=\"https:\/\/www.lsing.cz\/wp-content\/uploads\/2021\/10\/transportni-technologie-voziky-3.jpg 800w, https:\/\/www.lsing.cz\/wp-content\/uploads\/2021\/10\/transportni-technologie-voziky-3-300x225.jpg 300w, https:\/\/www.lsing.cz\/wp-content\/uploads\/2021\/10\/transportni-technologie-voziky-3-768x576.jpg 768w\" sizes=\"auto, (max-width: 800px) 100vw, 800px\" \/><\/a><\/figure><\/li><li class=\"blocks-gallery-item\"><figure><a href=\"https:\/\/www.lsing.cz\/wp-content\/uploads\/2021\/10\/transportni-technologie-voziky-4.jpg\"><img loading=\"lazy\" decoding=\"async\" width=\"800\" height=\"600\" src=\"https:\/\/www.lsing.cz\/wp-content\/uploads\/2021\/10\/transportni-technologie-voziky-4.jpg\" alt=\"\" data-id=\"223\" data-full-url=\"https:\/\/www.lsing.cz\/wp-content\/uploads\/2021\/10\/transportni-technologie-voziky-4.jpg\" data-link=\"https:\/\/www.lsing.cz\/index.php\/produkty\/transportni-technologie-voziky\/transportni-technologie-voziky-4\/\" class=\"wp-image-223\" srcset=\"https:\/\/www.lsing.cz\/wp-content\/uploads\/2021\/10\/transportni-technologie-voziky-4.jpg 800w, https:\/\/www.lsing.cz\/wp-content\/uploads\/2021\/10\/transportni-technologie-voziky-4-300x225.jpg 300w, https:\/\/www.lsing.cz\/wp-content\/uploads\/2021\/10\/transportni-technologie-voziky-4-768x576.jpg 768w\" sizes=\"auto, (max-width: 800px) 100vw, 800px\" \/><\/a><\/figure><\/li><li class=\"blocks-gallery-item\"><figure><a href=\"https:\/\/www.lsing.cz\/wp-content\/uploads\/2021\/10\/transportni-technologie-voziky-5.jpg\"><img loading=\"lazy\" decoding=\"async\" width=\"800\" height=\"600\" src=\"https:\/\/www.lsing.cz\/wp-content\/uploads\/2021\/10\/transportni-technologie-voziky-5.jpg\" alt=\"\" data-id=\"224\" data-full-url=\"https:\/\/www.lsing.cz\/wp-content\/uploads\/2021\/10\/transportni-technologie-voziky-5.jpg\" data-link=\"https:\/\/www.lsing.cz\/index.php\/produkty\/transportni-technologie-voziky\/transportni-technologie-voziky-5\/\" class=\"wp-image-224\" srcset=\"https:\/\/www.lsing.cz\/wp-content\/uploads\/2021\/10\/transportni-technologie-voziky-5.jpg 800w, https:\/\/www.lsing.cz\/wp-content\/uploads\/2021\/10\/transportni-technologie-voziky-5-300x225.jpg 300w, https:\/\/www.lsing.cz\/wp-content\/uploads\/2021\/10\/transportni-technologie-voziky-5-768x576.jpg 768w\" sizes=\"auto, (max-width: 800px) 100vw, 800px\" \/><\/a><\/figure><\/li><li class=\"blocks-gallery-item\"><figure><a href=\"https:\/\/www.lsing.cz\/wp-content\/uploads\/2021\/10\/transportni-technologie-voziky-6.jpg\"><img loading=\"lazy\" decoding=\"async\" width=\"800\" height=\"600\" src=\"https:\/\/www.lsing.cz\/wp-content\/uploads\/2021\/10\/transportni-technologie-voziky-6.jpg\" alt=\"\" data-id=\"225\" data-full-url=\"https:\/\/www.lsing.cz\/wp-content\/uploads\/2021\/10\/transportni-technologie-voziky-6.jpg\" data-link=\"https:\/\/www.lsing.cz\/index.php\/produkty\/transportni-technologie-voziky\/transportni-technologie-voziky-6\/\" class=\"wp-image-225\" srcset=\"https:\/\/www.lsing.cz\/wp-content\/uploads\/2021\/10\/transportni-technologie-voziky-6.jpg 800w, https:\/\/www.lsing.cz\/wp-content\/uploads\/2021\/10\/transportni-technologie-voziky-6-300x225.jpg 300w, https:\/\/www.lsing.cz\/wp-content\/uploads\/2021\/10\/transportni-technologie-voziky-6-768x576.jpg 768w\" sizes=\"auto, (max-width: 800px) 100vw, 800px\" \/><\/a><\/figure><\/li><li class=\"blocks-gallery-item\"><figure><a href=\"https:\/\/www.lsing.cz\/wp-content\/uploads\/2021\/10\/transportni-technologie-voziky-7.jpg\"><img loading=\"lazy\" decoding=\"async\" width=\"800\" height=\"600\" src=\"https:\/\/www.lsing.cz\/wp-content\/uploads\/2021\/10\/transportni-technologie-voziky-7.jpg\" alt=\"\" data-id=\"226\" data-full-url=\"https:\/\/www.lsing.cz\/wp-content\/uploads\/2021\/10\/transportni-technologie-voziky-7.jpg\" data-link=\"https:\/\/www.lsing.cz\/index.php\/produkty\/transportni-technologie-voziky\/transportni-technologie-voziky-7\/\" class=\"wp-image-226\" srcset=\"https:\/\/www.lsing.cz\/wp-content\/uploads\/2021\/10\/transportni-technologie-voziky-7.jpg 800w, https:\/\/www.lsing.cz\/wp-content\/uploads\/2021\/10\/transportni-technologie-voziky-7-300x225.jpg 300w, https:\/\/www.lsing.cz\/wp-content\/uploads\/2021\/10\/transportni-technologie-voziky-7-768x576.jpg 768w\" sizes=\"auto, (max-width: 800px) 100vw, 800px\" \/><\/a><\/figure><\/li><li class=\"blocks-gallery-item\"><figure><a href=\"https:\/\/www.lsing.cz\/wp-content\/uploads\/2021\/10\/transportni-technologie-voziky-8.jpg\"><img loading=\"lazy\" decoding=\"async\" width=\"800\" height=\"600\" src=\"https:\/\/www.lsing.cz\/wp-content\/uploads\/2021\/10\/transportni-technologie-voziky-8.jpg\" alt=\"\" data-id=\"227\" data-full-url=\"https:\/\/www.lsing.cz\/wp-content\/uploads\/2021\/10\/transportni-technologie-voziky-8.jpg\" data-link=\"https:\/\/www.lsing.cz\/index.php\/produkty\/transportni-technologie-voziky\/transportni-technologie-voziky-8\/\" class=\"wp-image-227\" srcset=\"https:\/\/www.lsing.cz\/wp-content\/uploads\/2021\/10\/transportni-technologie-voziky-8.jpg 800w, https:\/\/www.lsing.cz\/wp-content\/uploads\/2021\/10\/transportni-technologie-voziky-8-300x225.jpg 300w, https:\/\/www.lsing.cz\/wp-content\/uploads\/2021\/10\/transportni-technologie-voziky-8-768x576.jpg 768w\" sizes=\"auto, (max-width: 800px) 100vw, 800px\" \/><\/a><\/figure><\/li><li class=\"blocks-gallery-item\"><figure><a href=\"https:\/\/www.lsing.cz\/wp-content\/uploads\/2021\/10\/transportni-technologie-voziky-11.jpg\"><img loading=\"lazy\" decoding=\"async\" width=\"800\" height=\"600\" src=\"https:\/\/www.lsing.cz\/wp-content\/uploads\/2021\/10\/transportni-technologie-voziky-11.jpg\" alt=\"\" data-id=\"230\" data-full-url=\"https:\/\/www.lsing.cz\/wp-content\/uploads\/2021\/10\/transportni-technologie-voziky-11.jpg\" data-link=\"https:\/\/www.lsing.cz\/index.php\/produkty\/transportni-technologie-voziky\/transportni-technologie-voziky-11\/\" class=\"wp-image-230\" srcset=\"https:\/\/www.lsing.cz\/wp-content\/uploads\/2021\/10\/transportni-technologie-voziky-11.jpg 800w, https:\/\/www.lsing.cz\/wp-content\/uploads\/2021\/10\/transportni-technologie-voziky-11-300x225.jpg 300w, https:\/\/www.lsing.cz\/wp-content\/uploads\/2021\/10\/transportni-technologie-voziky-11-768x576.jpg 768w\" sizes=\"auto, (max-width: 800px) 100vw, 800px\" \/><\/a><\/figure><\/li><li class=\"blocks-gallery-item\"><figure><a href=\"https:\/\/www.lsing.cz\/wp-content\/uploads\/2021\/10\/transportni-technologie-voziky-13.jpg\"><img loading=\"lazy\" decoding=\"async\" width=\"800\" height=\"600\" src=\"https:\/\/www.lsing.cz\/wp-content\/uploads\/2021\/10\/transportni-technologie-voziky-13.jpg\" alt=\"\" data-id=\"232\" data-full-url=\"https:\/\/www.lsing.cz\/wp-content\/uploads\/2021\/10\/transportni-technologie-voziky-13.jpg\" data-link=\"https:\/\/www.lsing.cz\/index.php\/produkty\/transportni-technologie-voziky\/transportni-technologie-voziky-13\/\" class=\"wp-image-232\" srcset=\"https:\/\/www.lsing.cz\/wp-content\/uploads\/2021\/10\/transportni-technologie-voziky-13.jpg 800w, https:\/\/www.lsing.cz\/wp-content\/uploads\/2021\/10\/transportni-technologie-voziky-13-300x225.jpg 300w, https:\/\/www.lsing.cz\/wp-content\/uploads\/2021\/10\/transportni-technologie-voziky-13-768x576.jpg 768w\" sizes=\"auto, (max-width: 800px) 100vw, 800px\" \/><\/a><\/figure><\/li><li class=\"blocks-gallery-item\"><figure><a href=\"https:\/\/www.lsing.cz\/wp-content\/uploads\/2021\/10\/transportni-technologie-voziky-14.jpg\"><img loading=\"lazy\" decoding=\"async\" width=\"450\" height=\"600\" src=\"https:\/\/www.lsing.cz\/wp-content\/uploads\/2021\/10\/transportni-technologie-voziky-14.jpg\" alt=\"\" data-id=\"233\" data-full-url=\"https:\/\/www.lsing.cz\/wp-content\/uploads\/2021\/10\/transportni-technologie-voziky-14.jpg\" data-link=\"https:\/\/www.lsing.cz\/index.php\/produkty\/transportni-technologie-voziky\/transportni-technologie-voziky-14\/\" class=\"wp-image-233\" srcset=\"https:\/\/www.lsing.cz\/wp-content\/uploads\/2021\/10\/transportni-technologie-voziky-14.jpg 450w, https:\/\/www.lsing.cz\/wp-content\/uploads\/2021\/10\/transportni-technologie-voziky-14-225x300.jpg 225w\" sizes=\"auto, (max-width: 450px) 100vw, 450px\" \/><\/a><\/figure><\/li><li class=\"blocks-gallery-item\"><figure><a href=\"https:\/\/www.lsing.cz\/wp-content\/uploads\/2021\/10\/transportni-technologie-voziky-15.jpg\"><img loading=\"lazy\" decoding=\"async\" width=\"800\" height=\"600\" src=\"https:\/\/www.lsing.cz\/wp-content\/uploads\/2021\/10\/transportni-technologie-voziky-15.jpg\" alt=\"\" data-id=\"234\" data-full-url=\"https:\/\/www.lsing.cz\/wp-content\/uploads\/2021\/10\/transportni-technologie-voziky-15.jpg\" data-link=\"https:\/\/www.lsing.cz\/index.php\/produkty\/transportni-technologie-voziky\/transportni-technologie-voziky-15\/\" class=\"wp-image-234\" srcset=\"https:\/\/www.lsing.cz\/wp-content\/uploads\/2021\/10\/transportni-technologie-voziky-15.jpg 800w, https:\/\/www.lsing.cz\/wp-content\/uploads\/2021\/10\/transportni-technologie-voziky-15-300x225.jpg 300w, https:\/\/www.lsing.cz\/wp-content\/uploads\/2021\/10\/transportni-technologie-voziky-15-768x576.jpg 768w\" sizes=\"auto, (max-width: 800px) 100vw, 800px\" \/><\/a><\/figure><\/li><li class=\"blocks-gallery-item\"><figure><a href=\"https:\/\/www.lsing.cz\/wp-content\/uploads\/2021\/10\/transportni-technologie-voziky-17.jpg\"><img loading=\"lazy\" decoding=\"async\" width=\"901\" height=\"600\" src=\"https:\/\/www.lsing.cz\/wp-content\/uploads\/2021\/10\/transportni-technologie-voziky-17.jpg\" alt=\"\" data-id=\"236\" data-full-url=\"https:\/\/www.lsing.cz\/wp-content\/uploads\/2021\/10\/transportni-technologie-voziky-17.jpg\" data-link=\"https:\/\/www.lsing.cz\/index.php\/produkty\/transportni-technologie-voziky\/transportni-technologie-voziky-17\/\" class=\"wp-image-236\" srcset=\"https:\/\/www.lsing.cz\/wp-content\/uploads\/2021\/10\/transportni-technologie-voziky-17.jpg 901w, https:\/\/www.lsing.cz\/wp-content\/uploads\/2021\/10\/transportni-technologie-voziky-17-300x200.jpg 300w, https:\/\/www.lsing.cz\/wp-content\/uploads\/2021\/10\/transportni-technologie-voziky-17-768x511.jpg 768w\" sizes=\"auto, (max-width: 901px) 100vw, 901px\" \/><\/a><\/figure><\/li><li class=\"blocks-gallery-item\"><figure><a href=\"https:\/\/www.lsing.cz\/wp-content\/uploads\/2021\/10\/transportni-technologie-voziky-18.jpg\"><img loading=\"lazy\" decoding=\"async\" width=\"800\" height=\"600\" src=\"https:\/\/www.lsing.cz\/wp-content\/uploads\/2021\/10\/transportni-technologie-voziky-18.jpg\" alt=\"\" data-id=\"237\" data-full-url=\"https:\/\/www.lsing.cz\/wp-content\/uploads\/2021\/10\/transportni-technologie-voziky-18.jpg\" data-link=\"https:\/\/www.lsing.cz\/index.php\/produkty\/transportni-technologie-voziky\/transportni-technologie-voziky-18\/\" class=\"wp-image-237\" srcset=\"https:\/\/www.lsing.cz\/wp-content\/uploads\/2021\/10\/transportni-technologie-voziky-18.jpg 800w, https:\/\/www.lsing.cz\/wp-content\/uploads\/2021\/10\/transportni-technologie-voziky-18-300x225.jpg 300w, https:\/\/www.lsing.cz\/wp-content\/uploads\/2021\/10\/transportni-technologie-voziky-18-768x576.jpg 768w\" sizes=\"auto, (max-width: 800px) 100vw, 800px\" \/><\/a><\/figure><\/li><li class=\"blocks-gallery-item\"><figure><a href=\"https:\/\/www.lsing.cz\/wp-content\/uploads\/2021\/10\/transportni-technologie-voziky-21.jpg\"><img loading=\"lazy\" decoding=\"async\" width=\"450\" height=\"600\" src=\"https:\/\/www.lsing.cz\/wp-content\/uploads\/2021\/10\/transportni-technologie-voziky-21.jpg\" alt=\"\" data-id=\"240\" data-full-url=\"https:\/\/www.lsing.cz\/wp-content\/uploads\/2021\/10\/transportni-technologie-voziky-21.jpg\" data-link=\"https:\/\/www.lsing.cz\/index.php\/produkty\/transportni-technologie-voziky\/transportni-technologie-voziky-21\/\" class=\"wp-image-240\" srcset=\"https:\/\/www.lsing.cz\/wp-content\/uploads\/2021\/10\/transportni-technologie-voziky-21.jpg 450w, https:\/\/www.lsing.cz\/wp-content\/uploads\/2021\/10\/transportni-technologie-voziky-21-225x300.jpg 225w\" sizes=\"auto, (max-width: 450px) 100vw, 450px\" \/><\/a><\/figure><\/li><li class=\"blocks-gallery-item\"><figure><a href=\"https:\/\/www.lsing.cz\/wp-content\/uploads\/2021\/10\/transportni-technologie-voziky-26.jpg\"><img loading=\"lazy\" decoding=\"async\" width=\"450\" height=\"600\" src=\"https:\/\/www.lsing.cz\/wp-content\/uploads\/2021\/10\/transportni-technologie-voziky-26.jpg\" alt=\"\" data-id=\"245\" data-full-url=\"https:\/\/www.lsing.cz\/wp-content\/uploads\/2021\/10\/transportni-technologie-voziky-26.jpg\" data-link=\"https:\/\/www.lsing.cz\/index.php\/produkty\/transportni-technologie-voziky\/transportni-technologie-voziky-26\/\" class=\"wp-image-245\" srcset=\"https:\/\/www.lsing.cz\/wp-content\/uploads\/2021\/10\/transportni-technologie-voziky-26.jpg 450w, https:\/\/www.lsing.cz\/wp-content\/uploads\/2021\/10\/transportni-technologie-voziky-26-225x300.jpg 225w\" sizes=\"auto, (max-width: 450px) 100vw, 450px\" \/><\/a><\/figure><\/li><li class=\"blocks-gallery-item\"><figure><a href=\"https:\/\/www.lsing.cz\/wp-content\/uploads\/2021\/10\/transportni-technologie-voziky-27.jpg\"><img loading=\"lazy\" decoding=\"async\" width=\"800\" height=\"600\" src=\"https:\/\/www.lsing.cz\/wp-content\/uploads\/2021\/10\/transportni-technologie-voziky-27.jpg\" alt=\"\" data-id=\"246\" data-full-url=\"https:\/\/www.lsing.cz\/wp-content\/uploads\/2021\/10\/transportni-technologie-voziky-27.jpg\" data-link=\"https:\/\/www.lsing.cz\/index.php\/produkty\/transportni-technologie-voziky\/transportni-technologie-voziky-27\/\" class=\"wp-image-246\" srcset=\"https:\/\/www.lsing.cz\/wp-content\/uploads\/2021\/10\/transportni-technologie-voziky-27.jpg 800w, https:\/\/www.lsing.cz\/wp-content\/uploads\/2021\/10\/transportni-technologie-voziky-27-300x225.jpg 300w, https:\/\/www.lsing.cz\/wp-content\/uploads\/2021\/10\/transportni-technologie-voziky-27-768x576.jpg 768w\" sizes=\"auto, (max-width: 800px) 100vw, 800px\" \/><\/a><\/figure><\/li><li class=\"blocks-gallery-item\"><figure><a href=\"https:\/\/www.lsing.cz\/wp-content\/uploads\/2021\/10\/transportni-technologie-voziky-30.jpg\"><img loading=\"lazy\" decoding=\"async\" width=\"800\" height=\"600\" src=\"https:\/\/www.lsing.cz\/wp-content\/uploads\/2021\/10\/transportni-technologie-voziky-30.jpg\" alt=\"\" data-id=\"249\" data-full-url=\"https:\/\/www.lsing.cz\/wp-content\/uploads\/2021\/10\/transportni-technologie-voziky-30.jpg\" data-link=\"https:\/\/www.lsing.cz\/index.php\/produkty\/transportni-technologie-voziky\/transportni-technologie-voziky-30\/\" class=\"wp-image-249\" srcset=\"https:\/\/www.lsing.cz\/wp-content\/uploads\/2021\/10\/transportni-technologie-voziky-30.jpg 800w, https:\/\/www.lsing.cz\/wp-content\/uploads\/2021\/10\/transportni-technologie-voziky-30-300x225.jpg 300w, https:\/\/www.lsing.cz\/wp-content\/uploads\/2021\/10\/transportni-technologie-voziky-30-768x576.jpg 768w\" sizes=\"auto, (max-width: 800px) 100vw, 800px\" \/><\/a><\/figure><\/li><li class=\"blocks-gallery-item\"><figure><a href=\"https:\/\/www.lsing.cz\/wp-content\/uploads\/2021\/10\/transportni-technologie-voziky-35.jpg\"><img loading=\"lazy\" decoding=\"async\" width=\"800\" height=\"600\" src=\"https:\/\/www.lsing.cz\/wp-content\/uploads\/2021\/10\/transportni-technologie-voziky-35.jpg\" alt=\"\" data-id=\"254\" data-full-url=\"https:\/\/www.lsing.cz\/wp-content\/uploads\/2021\/10\/transportni-technologie-voziky-35.jpg\" data-link=\"https:\/\/www.lsing.cz\/index.php\/produkty\/transportni-technologie-voziky\/transportni-technologie-voziky-35\/\" class=\"wp-image-254\" srcset=\"https:\/\/www.lsing.cz\/wp-content\/uploads\/2021\/10\/transportni-technologie-voziky-35.jpg 800w, https:\/\/www.lsing.cz\/wp-content\/uploads\/2021\/10\/transportni-technologie-voziky-35-300x225.jpg 300w, https:\/\/www.lsing.cz\/wp-content\/uploads\/2021\/10\/transportni-technologie-voziky-35-768x576.jpg 768w\" sizes=\"auto, (max-width: 800px) 100vw, 800px\" \/><\/a><\/figure><\/li><li class=\"blocks-gallery-item\"><figure><a href=\"https:\/\/www.lsing.cz\/wp-content\/uploads\/2021\/10\/transportni-technologie-voziky-36.jpg\"><img loading=\"lazy\" decoding=\"async\" width=\"800\" height=\"600\" src=\"https:\/\/www.lsing.cz\/wp-content\/uploads\/2021\/10\/transportni-technologie-voziky-36.jpg\" alt=\"\" data-id=\"255\" data-full-url=\"https:\/\/www.lsing.cz\/wp-content\/uploads\/2021\/10\/transportni-technologie-voziky-36.jpg\" data-link=\"https:\/\/www.lsing.cz\/index.php\/produkty\/transportni-technologie-voziky\/transportni-technologie-voziky-36\/\" class=\"wp-image-255\" srcset=\"https:\/\/www.lsing.cz\/wp-content\/uploads\/2021\/10\/transportni-technologie-voziky-36.jpg 800w, https:\/\/www.lsing.cz\/wp-content\/uploads\/2021\/10\/transportni-technologie-voziky-36-300x225.jpg 300w, https:\/\/www.lsing.cz\/wp-content\/uploads\/2021\/10\/transportni-technologie-voziky-36-768x576.jpg 768w\" sizes=\"auto, (max-width: 800px) 100vw, 800px\" \/><\/a><\/figure><\/li><\/ul><\/figure>\n","protected":false},"excerpt":{"rendered":"<p>Manipula\u010dn\u00ed a mont\u00e1\u017en\u00ed voz\u00edky r\u016fzn\u00e9ho druhu ur\u010den\u00e9 pro vnit\u0159n\u00ed i venkovn\u00ed pou\u017eit\u00ed pro V\u00e1s vyrob\u00edme p\u0159esn\u011b na m\u00edru dle Va\u0161ich po\u017eadavk\u016f. leti\u0161tn\u00ed technika ta\u017een\u00e9 voz\u00edky typu DOLY a\u017e do nosnosti 7000 kg slave palety s v\u00e1le\u010dkovou dr\u00e1hou do nosnosti 7000 kg GLP palety do velk\u00fdch reg\u00e1l\u016f v CARGO provozech ta\u017een\u00e9 voz\u00edky na zavazadla dle po\u017eadavku&#8230;<\/p>\n","protected":false},"author":1,"featured_media":0,"parent":71,"menu_order":0,"comment_status":"closed","ping_status":"closed","template":"","meta":{"_kadence_starter_templates_imported_post":false,"_kad_post_transparent":"","_kad_post_title":"","_kad_post_layout":"normal","_kad_post_sidebar_id":"","_kad_post_content_style":"unboxed","_kad_post_vertical_padding":"","_kad_post_feature":"","_kad_post_feature_position":"","_kad_post_header":false,"_kad_post_footer":false,"footnotes":""},"class_list":["post-95","page","type-page","status-publish","hentry"],"_links":{"self":[{"href":"https:\/\/www.lsing.cz\/index.php\/wp-json\/wp\/v2\/pages\/95","targetHints":{"allow":["GET"]}}],"collection":[{"href":"https:\/\/www.lsing.cz\/index.php\/wp-json\/wp\/v2\/pages"}],"about":[{"href":"https:\/\/www.lsing.cz\/index.php\/wp-json\/wp\/v2\/types\/page"}],"author":[{"embeddable":true,"href":"https:\/\/www.lsing.cz\/index.php\/wp-json\/wp\/v2\/users\/1"}],"replies":[{"embeddable":true,"href":"https:\/\/www.lsing.cz\/index.php\/wp-json\/wp\/v2\/comments?post=95"}],"version-history":[{"count":3,"href":"https:\/\/www.lsing.cz\/index.php\/wp-json\/wp\/v2\/pages\/95\/revisions"}],"predecessor-version":[{"id":547,"href":"https:\/\/www.lsing.cz\/index.php\/wp-json\/wp\/v2\/pages\/95\/revisions\/547"}],"up":[{"embeddable":true,"href":"https:\/\/www.lsing.cz\/index.php\/wp-json\/wp\/v2\/pages\/71"}],"wp:attachment":[{"href":"https:\/\/www.lsing.cz\/index.php\/wp-json\/wp\/v2\/media?parent=95"}],"curies":[{"name":"wp","href":"https:\/\/api.w.org\/{rel}","templated":true}]}}