{"id":73,"date":"2021-10-02T10:07:00","date_gmt":"2021-10-02T08:07:00","guid":{"rendered":"https:\/\/www.lsing.cz\/?page_id=73"},"modified":"2021-11-05T11:26:08","modified_gmt":"2021-11-05T10:26:08","slug":"konstrukcni-dokumentace","status":"publish","type":"page","link":"https:\/\/www.lsing.cz\/index.php\/produkty\/konstrukcni-dokumentace\/","title":{"rendered":"Konstruk\u010dn\u00ed dokumentace"},"content":{"rendered":"\n<div class=\"wp-block-group\"><div class=\"wp-block-group__inner-container is-layout-flow wp-block-group-is-layout-flow\">\n<ul class=\"wp-block-list\"><li>Konstruk\u010dn\u00ed pr\u00e1ce prov\u00e1d\u00edme v programu SOLIDE WORKS.<\/li><li>V\u00fdkresy V\u00e1m dod\u00e1me v po\u017eadovan\u00fdch form\u00e1tech nap\u0159. DWG, DXF, PDF atd.<\/li><\/ul>\n<\/div><\/div>\n\n\n\n<p><\/p>\n\n\n\n<figure class=\"wp-block-gallery columns-3 is-cropped wp-block-gallery-1 is-layout-flex wp-block-gallery-is-layout-flex\"><ul class=\"blocks-gallery-grid\"><li class=\"blocks-gallery-item\"><figure><img loading=\"lazy\" decoding=\"async\" width=\"800\" height=\"566\" src=\"https:\/\/www.lsing.cz\/wp-content\/uploads\/2021\/10\/konstrukcni-dokumentace-11.jpg\" alt=\"\" data-id=\"112\" data-full-url=\"https:\/\/www.lsing.cz\/wp-content\/uploads\/2021\/10\/konstrukcni-dokumentace-11.jpg\" data-link=\"https:\/\/www.lsing.cz\/index.php\/produkty\/konstrukcni-dokumentace\/konstrukcni-dokumentace-11\/\" class=\"wp-image-112\" srcset=\"https:\/\/www.lsing.cz\/wp-content\/uploads\/2021\/10\/konstrukcni-dokumentace-11.jpg 800w, https:\/\/www.lsing.cz\/wp-content\/uploads\/2021\/10\/konstrukcni-dokumentace-11-300x212.jpg 300w, https:\/\/www.lsing.cz\/wp-content\/uploads\/2021\/10\/konstrukcni-dokumentace-11-768x543.jpg 768w\" sizes=\"auto, (max-width: 800px) 100vw, 800px\" \/><\/figure><\/li><li class=\"blocks-gallery-item\"><figure><img loading=\"lazy\" decoding=\"async\" width=\"800\" height=\"566\" src=\"https:\/\/www.lsing.cz\/wp-content\/uploads\/2021\/10\/konstrukcni-dokumentace-12.jpg\" alt=\"\" data-id=\"113\" data-full-url=\"https:\/\/www.lsing.cz\/wp-content\/uploads\/2021\/10\/konstrukcni-dokumentace-12.jpg\" data-link=\"https:\/\/www.lsing.cz\/index.php\/produkty\/konstrukcni-dokumentace\/konstrukcni-dokumentace-12\/\" class=\"wp-image-113\" srcset=\"https:\/\/www.lsing.cz\/wp-content\/uploads\/2021\/10\/konstrukcni-dokumentace-12.jpg 800w, https:\/\/www.lsing.cz\/wp-content\/uploads\/2021\/10\/konstrukcni-dokumentace-12-300x212.jpg 300w, https:\/\/www.lsing.cz\/wp-content\/uploads\/2021\/10\/konstrukcni-dokumentace-12-768x543.jpg 768w\" sizes=\"auto, (max-width: 800px) 100vw, 800px\" \/><\/figure><\/li><li class=\"blocks-gallery-item\"><figure><img loading=\"lazy\" decoding=\"async\" width=\"800\" height=\"566\" src=\"https:\/\/www.lsing.cz\/wp-content\/uploads\/2021\/10\/konstrukcni-dokumentace-9.jpg\" alt=\"\" data-id=\"110\" data-full-url=\"https:\/\/www.lsing.cz\/wp-content\/uploads\/2021\/10\/konstrukcni-dokumentace-9.jpg\" data-link=\"https:\/\/www.lsing.cz\/index.php\/produkty\/konstrukcni-dokumentace\/konstrukcni-dokumentace-9\/\" class=\"wp-image-110\" srcset=\"https:\/\/www.lsing.cz\/wp-content\/uploads\/2021\/10\/konstrukcni-dokumentace-9.jpg 800w, https:\/\/www.lsing.cz\/wp-content\/uploads\/2021\/10\/konstrukcni-dokumentace-9-300x212.jpg 300w, https:\/\/www.lsing.cz\/wp-content\/uploads\/2021\/10\/konstrukcni-dokumentace-9-768x543.jpg 768w\" sizes=\"auto, (max-width: 800px) 100vw, 800px\" \/><\/figure><\/li><li class=\"blocks-gallery-item\"><figure><img loading=\"lazy\" decoding=\"async\" width=\"800\" height=\"566\" src=\"https:\/\/www.lsing.cz\/wp-content\/uploads\/2021\/10\/konstrukcni-dokumentace-10.jpg\" alt=\"\" data-id=\"111\" data-full-url=\"https:\/\/www.lsing.cz\/wp-content\/uploads\/2021\/10\/konstrukcni-dokumentace-10.jpg\" data-link=\"https:\/\/www.lsing.cz\/index.php\/produkty\/konstrukcni-dokumentace\/konstrukcni-dokumentace-10\/\" class=\"wp-image-111\" srcset=\"https:\/\/www.lsing.cz\/wp-content\/uploads\/2021\/10\/konstrukcni-dokumentace-10.jpg 800w, https:\/\/www.lsing.cz\/wp-content\/uploads\/2021\/10\/konstrukcni-dokumentace-10-300x212.jpg 300w, https:\/\/www.lsing.cz\/wp-content\/uploads\/2021\/10\/konstrukcni-dokumentace-10-768x543.jpg 768w\" sizes=\"auto, (max-width: 800px) 100vw, 800px\" \/><\/figure><\/li><li class=\"blocks-gallery-item\"><figure><img loading=\"lazy\" decoding=\"async\" width=\"800\" height=\"566\" src=\"https:\/\/www.lsing.cz\/wp-content\/uploads\/2021\/10\/konstrukcni-dokumentace-8.jpg\" alt=\"\" data-id=\"109\" data-full-url=\"https:\/\/www.lsing.cz\/wp-content\/uploads\/2021\/10\/konstrukcni-dokumentace-8.jpg\" data-link=\"https:\/\/www.lsing.cz\/index.php\/produkty\/konstrukcni-dokumentace\/konstrukcni-dokumentace-8\/\" class=\"wp-image-109\" srcset=\"https:\/\/www.lsing.cz\/wp-content\/uploads\/2021\/10\/konstrukcni-dokumentace-8.jpg 800w, https:\/\/www.lsing.cz\/wp-content\/uploads\/2021\/10\/konstrukcni-dokumentace-8-300x212.jpg 300w, https:\/\/www.lsing.cz\/wp-content\/uploads\/2021\/10\/konstrukcni-dokumentace-8-768x543.jpg 768w\" sizes=\"auto, (max-width: 800px) 100vw, 800px\" \/><\/figure><\/li><li class=\"blocks-gallery-item\"><figure><img loading=\"lazy\" decoding=\"async\" width=\"800\" height=\"566\" src=\"https:\/\/www.lsing.cz\/wp-content\/uploads\/2021\/10\/konstrukcni-dokumentace-7.jpg\" alt=\"\" data-id=\"108\" data-full-url=\"https:\/\/www.lsing.cz\/wp-content\/uploads\/2021\/10\/konstrukcni-dokumentace-7.jpg\" data-link=\"https:\/\/www.lsing.cz\/index.php\/produkty\/konstrukcni-dokumentace\/konstrukcni-dokumentace-7\/\" class=\"wp-image-108\" srcset=\"https:\/\/www.lsing.cz\/wp-content\/uploads\/2021\/10\/konstrukcni-dokumentace-7.jpg 800w, https:\/\/www.lsing.cz\/wp-content\/uploads\/2021\/10\/konstrukcni-dokumentace-7-300x212.jpg 300w, https:\/\/www.lsing.cz\/wp-content\/uploads\/2021\/10\/konstrukcni-dokumentace-7-768x543.jpg 768w\" sizes=\"auto, (max-width: 800px) 100vw, 800px\" \/><\/figure><\/li><li class=\"blocks-gallery-item\"><figure><img loading=\"lazy\" decoding=\"async\" width=\"800\" height=\"566\" src=\"https:\/\/www.lsing.cz\/wp-content\/uploads\/2021\/10\/konstrukcni-dokumentace-6.jpg\" alt=\"\" data-id=\"107\" data-full-url=\"https:\/\/www.lsing.cz\/wp-content\/uploads\/2021\/10\/konstrukcni-dokumentace-6.jpg\" data-link=\"https:\/\/www.lsing.cz\/index.php\/produkty\/konstrukcni-dokumentace\/konstrukcni-dokumentace-6\/\" class=\"wp-image-107\" srcset=\"https:\/\/www.lsing.cz\/wp-content\/uploads\/2021\/10\/konstrukcni-dokumentace-6.jpg 800w, https:\/\/www.lsing.cz\/wp-content\/uploads\/2021\/10\/konstrukcni-dokumentace-6-300x212.jpg 300w, https:\/\/www.lsing.cz\/wp-content\/uploads\/2021\/10\/konstrukcni-dokumentace-6-768x543.jpg 768w\" sizes=\"auto, (max-width: 800px) 100vw, 800px\" \/><\/figure><\/li><li class=\"blocks-gallery-item\"><figure><img loading=\"lazy\" decoding=\"async\" width=\"800\" height=\"566\" src=\"https:\/\/www.lsing.cz\/wp-content\/uploads\/2021\/10\/konstrukcni-dokumentace-5.jpg\" alt=\"\" data-id=\"106\" data-full-url=\"https:\/\/www.lsing.cz\/wp-content\/uploads\/2021\/10\/konstrukcni-dokumentace-5.jpg\" data-link=\"https:\/\/www.lsing.cz\/index.php\/produkty\/konstrukcni-dokumentace\/konstrukcni-dokumentace-5\/\" class=\"wp-image-106\" srcset=\"https:\/\/www.lsing.cz\/wp-content\/uploads\/2021\/10\/konstrukcni-dokumentace-5.jpg 800w, https:\/\/www.lsing.cz\/wp-content\/uploads\/2021\/10\/konstrukcni-dokumentace-5-300x212.jpg 300w, https:\/\/www.lsing.cz\/wp-content\/uploads\/2021\/10\/konstrukcni-dokumentace-5-768x543.jpg 768w\" sizes=\"auto, (max-width: 800px) 100vw, 800px\" \/><\/figure><\/li><li class=\"blocks-gallery-item\"><figure><img loading=\"lazy\" decoding=\"async\" width=\"800\" height=\"566\" src=\"https:\/\/www.lsing.cz\/wp-content\/uploads\/2021\/10\/konstrukcni-dokumentace-4.jpg\" alt=\"\" data-id=\"105\" data-full-url=\"https:\/\/www.lsing.cz\/wp-content\/uploads\/2021\/10\/konstrukcni-dokumentace-4.jpg\" data-link=\"https:\/\/www.lsing.cz\/index.php\/produkty\/konstrukcni-dokumentace\/konstrukcni-dokumentace-4\/\" class=\"wp-image-105\" srcset=\"https:\/\/www.lsing.cz\/wp-content\/uploads\/2021\/10\/konstrukcni-dokumentace-4.jpg 800w, https:\/\/www.lsing.cz\/wp-content\/uploads\/2021\/10\/konstrukcni-dokumentace-4-300x212.jpg 300w, https:\/\/www.lsing.cz\/wp-content\/uploads\/2021\/10\/konstrukcni-dokumentace-4-768x543.jpg 768w\" sizes=\"auto, (max-width: 800px) 100vw, 800px\" \/><\/figure><\/li><li class=\"blocks-gallery-item\"><figure><img loading=\"lazy\" decoding=\"async\" width=\"800\" height=\"566\" src=\"https:\/\/www.lsing.cz\/wp-content\/uploads\/2021\/10\/konstrukcni-dokumentace-3.jpg\" alt=\"\" data-id=\"104\" data-full-url=\"https:\/\/www.lsing.cz\/wp-content\/uploads\/2021\/10\/konstrukcni-dokumentace-3.jpg\" data-link=\"https:\/\/www.lsing.cz\/index.php\/produkty\/konstrukcni-dokumentace\/konstrukcni-dokumentace-3\/\" class=\"wp-image-104\" srcset=\"https:\/\/www.lsing.cz\/wp-content\/uploads\/2021\/10\/konstrukcni-dokumentace-3.jpg 800w, https:\/\/www.lsing.cz\/wp-content\/uploads\/2021\/10\/konstrukcni-dokumentace-3-300x212.jpg 300w, https:\/\/www.lsing.cz\/wp-content\/uploads\/2021\/10\/konstrukcni-dokumentace-3-768x543.jpg 768w\" sizes=\"auto, (max-width: 800px) 100vw, 800px\" \/><\/figure><\/li><li class=\"blocks-gallery-item\"><figure><img loading=\"lazy\" decoding=\"async\" width=\"800\" height=\"566\" src=\"https:\/\/www.lsing.cz\/wp-content\/uploads\/2021\/10\/konstrukcni-dokumentace-2.jpg\" alt=\"\" data-id=\"103\" data-full-url=\"https:\/\/www.lsing.cz\/wp-content\/uploads\/2021\/10\/konstrukcni-dokumentace-2.jpg\" data-link=\"https:\/\/www.lsing.cz\/index.php\/produkty\/konstrukcni-dokumentace\/konstrukcni-dokumentace-2\/\" class=\"wp-image-103\" srcset=\"https:\/\/www.lsing.cz\/wp-content\/uploads\/2021\/10\/konstrukcni-dokumentace-2.jpg 800w, https:\/\/www.lsing.cz\/wp-content\/uploads\/2021\/10\/konstrukcni-dokumentace-2-300x212.jpg 300w, https:\/\/www.lsing.cz\/wp-content\/uploads\/2021\/10\/konstrukcni-dokumentace-2-768x543.jpg 768w\" sizes=\"auto, (max-width: 800px) 100vw, 800px\" \/><\/figure><\/li><li class=\"blocks-gallery-item\"><figure><img loading=\"lazy\" decoding=\"async\" width=\"800\" height=\"566\" src=\"https:\/\/www.lsing.cz\/wp-content\/uploads\/2021\/10\/konstrukcni-dokumentace-1.jpg\" alt=\"\" data-id=\"81\" data-full-url=\"https:\/\/www.lsing.cz\/wp-content\/uploads\/2021\/10\/konstrukcni-dokumentace-1.jpg\" data-link=\"https:\/\/www.lsing.cz\/index.php\/uvodni-stranka\/konstrukcni-dokumentace-1\/\" class=\"wp-image-81\" srcset=\"https:\/\/www.lsing.cz\/wp-content\/uploads\/2021\/10\/konstrukcni-dokumentace-1.jpg 800w, https:\/\/www.lsing.cz\/wp-content\/uploads\/2021\/10\/konstrukcni-dokumentace-1-300x212.jpg 300w, https:\/\/www.lsing.cz\/wp-content\/uploads\/2021\/10\/konstrukcni-dokumentace-1-768x543.jpg 768w\" sizes=\"auto, (max-width: 800px) 100vw, 800px\" \/><\/figure><\/li><\/ul><\/figure>\n","protected":false},"excerpt":{"rendered":"<p>Konstruk\u010dn\u00ed pr\u00e1ce prov\u00e1d\u00edme v programu SOLIDE WORKS. V\u00fdkresy V\u00e1m dod\u00e1me v po\u017eadovan\u00fdch form\u00e1tech nap\u0159. DWG, DXF, PDF atd.<\/p>\n","protected":false},"author":1,"featured_media":0,"parent":71,"menu_order":0,"comment_status":"closed","ping_status":"closed","template":"","meta":{"_kadence_starter_templates_imported_post":false,"_kad_post_transparent":"","_kad_post_title":"default","_kad_post_layout":"default","_kad_post_sidebar_id":"","_kad_post_content_style":"unboxed","_kad_post_vertical_padding":"default","_kad_post_feature":"","_kad_post_feature_position":"","_kad_post_header":false,"_kad_post_footer":false,"footnotes":""},"class_list":["post-73","page","type-page","status-publish","hentry"],"_links":{"self":[{"href":"https:\/\/www.lsing.cz\/index.php\/wp-json\/wp\/v2\/pages\/73","targetHints":{"allow":["GET"]}}],"collection":[{"href":"https:\/\/www.lsing.cz\/index.php\/wp-json\/wp\/v2\/pages"}],"about":[{"href":"https:\/\/www.lsing.cz\/index.php\/wp-json\/wp\/v2\/types\/page"}],"author":[{"embeddable":true,"href":"https:\/\/www.lsing.cz\/index.php\/wp-json\/wp\/v2\/users\/1"}],"replies":[{"embeddable":true,"href":"https:\/\/www.lsing.cz\/index.php\/wp-json\/wp\/v2\/comments?post=73"}],"version-history":[{"count":27,"href":"https:\/\/www.lsing.cz\/index.php\/wp-json\/wp\/v2\/pages\/73\/revisions"}],"predecessor-version":[{"id":665,"href":"https:\/\/www.lsing.cz\/index.php\/wp-json\/wp\/v2\/pages\/73\/revisions\/665"}],"up":[{"embeddable":true,"href":"https:\/\/www.lsing.cz\/index.php\/wp-json\/wp\/v2\/pages\/71"}],"wp:attachment":[{"href":"https:\/\/www.lsing.cz\/index.php\/wp-json\/wp\/v2\/media?parent=73"}],"curies":[{"name":"wp","href":"https:\/\/api.w.org\/{rel}","templated":true}]}}