{"id":624,"date":"2021-10-24T11:54:29","date_gmt":"2021-10-24T09:54:29","guid":{"rendered":"https:\/\/www.lsing.cz\/?page_id=624"},"modified":"2021-10-24T11:54:30","modified_gmt":"2021-10-24T09:54:30","slug":"ganzglasgelander-balardo","status":"publish","type":"page","link":"https:\/\/www.lsing.cz\/index.php\/de\/produkte\/ganzglasgelander-balardo\/","title":{"rendered":"Ganzglasgel\u00e4nder BALARDO"},"content":{"rendered":"\n<p>Wir bieten Ihnen neue, progressive L\u00f6sungen f\u00fcr Gel\u00e4nder ohne vertikale.<\/p>\n\n\n\n<p><a href=\"https:\/\/www.glassline.de\" target=\"_blank\" rel=\"noreferrer noopener\">www.glassline.de<\/a><\/p>\n\n\n\n<figure class=\"wp-block-image size-full\"><img loading=\"lazy\" decoding=\"async\" width=\"1800\" height=\"600\" src=\"https:\/\/www.lsing.cz\/wp-content\/uploads\/2021\/09\/balardo3.jpg\" alt=\"\" class=\"wp-image-43\" srcset=\"https:\/\/www.lsing.cz\/wp-content\/uploads\/2021\/09\/balardo3.jpg 1800w, https:\/\/www.lsing.cz\/wp-content\/uploads\/2021\/09\/balardo3-300x100.jpg 300w, https:\/\/www.lsing.cz\/wp-content\/uploads\/2021\/09\/balardo3-1024x341.jpg 1024w, https:\/\/www.lsing.cz\/wp-content\/uploads\/2021\/09\/balardo3-768x256.jpg 768w, https:\/\/www.lsing.cz\/wp-content\/uploads\/2021\/09\/balardo3-1536x512.jpg 1536w\" sizes=\"auto, (max-width: 1800px) 100vw, 1800px\" \/><\/figure>\n\n\n\n<div style=\"height:39px\" aria-hidden=\"true\" class=\"wp-block-spacer\"><\/div>\n","protected":false},"excerpt":{"rendered":"<p>Wir bieten Ihnen neue, progressive L\u00f6sungen f\u00fcr Gel\u00e4nder ohne vertikale. www.glassline.de<\/p>\n","protected":false},"author":1,"featured_media":0,"parent":617,"menu_order":0,"comment_status":"closed","ping_status":"closed","template":"","meta":{"_kadence_starter_templates_imported_post":false,"_kad_post_transparent":"","_kad_post_title":"","_kad_post_layout":"normal","_kad_post_sidebar_id":"","_kad_post_content_style":"unboxed","_kad_post_vertical_padding":"","_kad_post_feature":"","_kad_post_feature_position":"","_kad_post_header":false,"_kad_post_footer":false,"footnotes":""},"class_list":["post-624","page","type-page","status-publish","hentry"],"_links":{"self":[{"href":"https:\/\/www.lsing.cz\/index.php\/wp-json\/wp\/v2\/pages\/624","targetHints":{"allow":["GET"]}}],"collection":[{"href":"https:\/\/www.lsing.cz\/index.php\/wp-json\/wp\/v2\/pages"}],"about":[{"href":"https:\/\/www.lsing.cz\/index.php\/wp-json\/wp\/v2\/types\/page"}],"author":[{"embeddable":true,"href":"https:\/\/www.lsing.cz\/index.php\/wp-json\/wp\/v2\/users\/1"}],"replies":[{"embeddable":true,"href":"https:\/\/www.lsing.cz\/index.php\/wp-json\/wp\/v2\/comments?post=624"}],"version-history":[{"count":2,"href":"https:\/\/www.lsing.cz\/index.php\/wp-json\/wp\/v2\/pages\/624\/revisions"}],"predecessor-version":[{"id":626,"href":"https:\/\/www.lsing.cz\/index.php\/wp-json\/wp\/v2\/pages\/624\/revisions\/626"}],"up":[{"embeddable":true,"href":"https:\/\/www.lsing.cz\/index.php\/wp-json\/wp\/v2\/pages\/617"}],"wp:attachment":[{"href":"https:\/\/www.lsing.cz\/index.php\/wp-json\/wp\/v2\/media?parent=624"}],"curies":[{"name":"wp","href":"https:\/\/api.w.org\/{rel}","templated":true}]}}