{"id":598,"date":"2021-10-24T11:26:50","date_gmt":"2021-10-24T09:26:50","guid":{"rendered":"https:\/\/www.lsing.cz\/?page_id=598"},"modified":"2022-12-09T09:28:26","modified_gmt":"2022-12-09T08:28:26","slug":"uvodni-stranka-de","status":"publish","type":"page","link":"https:\/\/www.lsing.cz\/index.php\/de\/uvodni-stranka-de\/","title":{"rendered":"\u00davodn\u00ed str\u00e1nka DE"},"content":{"rendered":"\n\t\t\t<!-- START Slider DE REVOLUTION SLIDER 6.5.8 --><p class=\"rs-p-wp-fix\"><\/p>\n\t\t\t<rs-module-wrap id=\"rev_slider_5_1_wrapper\" data-source=\"gallery\" style=\"visibility:hidden;background:transparent;padding:0;margin:0px auto;margin-top:0;margin-bottom:0;\">\n\t\t\t\t<rs-module id=\"rev_slider_5_1\" style=\"\" data-version=\"6.5.8\">\n\t\t\t\t\t<rs-slides>\n\t\t\t\t\t\t<rs-slide style=\"position: absolute;\" data-key=\"rs-9\" data-title=\"Slide\" data-duration=\"4500\" data-anim=\"ms:500;\" data-in=\"o:0;\" data-out=\"a:false;\">\n\t\t\t\t\t\t\t<img decoding=\"async\" src=\"\/\/www.lsing.cz\/wp-content\/plugins\/revslider\/public\/assets\/assets\/dummy.png\" alt=\"Slide\" title=\"\u00davodn\u00ed str\u00e1nka DE\" class=\"rev-slidebg tp-rs-img rs-lazyload\" data-lazyload=\"\/\/www.lsing.cz\/wp-content\/plugins\/revslider\/public\/assets\/assets\/transparent.png\" data-no-retina>\n<!--\n\t\t\t\t\t\t\t--><rs-layer\n\t\t\t\t\t\t\t\tid=\"slider-5-slide-9-layer-2\" \n\t\t\t\t\t\t\t\tdata-type=\"text\"\n\t\t\t\t\t\t\t\tdata-color=\"#020202\"\n\t\t\t\t\t\t\t\tdata-rsp_ch=\"on\"\n\t\t\t\t\t\t\t\tdata-xy=\"x:872px;y:285px;\"\n\t\t\t\t\t\t\t\tdata-text=\"w:normal;s:64;l:80;a:center;\"\n\t\t\t\t\t\t\t\tdata-dim=\"w:662px;\"\n\t\t\t\t\t\t\t\tdata-border=\"bor:8px,8px,8px,8px;\"\n\t\t\t\t\t\t\t\tdata-frame_1=\"st:100;sp:250;sR:200;\"\n\t\t\t\t\t\t\t\tdata-frame_999=\"o:0;st:w;sp:150;sR:8300;\"\n\t\t\t\t\t\t\t\tstyle=\"z-index:10;background-color:rgba(181,181,181,0.5);font-family:'Roboto';\"\n\t\t\t\t\t\t\t>Metallerzeugnisse \n\t\t\t\t\t\t\t<\/rs-layer><!--\n\n\t\t\t\t\t\t\t--><rs-layer\n\t\t\t\t\t\t\t\tid=\"slider-5-slide-9-layer-3\" \n\t\t\t\t\t\t\t\tdata-type=\"image\"\n\t\t\t\t\t\t\t\tdata-rsp_ch=\"on\"\n\t\t\t\t\t\t\t\tdata-xy=\"x:-42px;\"\n\t\t\t\t\t\t\t\tdata-text=\"w:normal;\"\n\t\t\t\t\t\t\t\tdata-dim=\"w:1600px;h:400px;\"\n\t\t\t\t\t\t\t\tdata-frame_999=\"o:0;st:w;\"\n\t\t\t\t\t\t\t\tstyle=\"z-index:9;\"\n\t\t\t\t\t\t\t><img loading=\"lazy\" decoding=\"async\" src=\"\/\/www.lsing.cz\/wp-content\/plugins\/revslider\/public\/assets\/assets\/dummy.png\" class=\"tp-rs-img rs-lazyload\" width=\"1600\" height=\"400\" data-lazyload=\"\/\/www.lsing.cz\/wp-content\/uploads\/2021\/10\/cnc-slider-1.jpg\" data-no-retina> \n\t\t\t\t\t\t\t<\/rs-layer><!--\n-->\t\t\t\t\t\t<\/rs-slide>\n\t\t\t\t\t\t<rs-slide style=\"position: absolute;\" data-key=\"rs-10\" data-title=\"Slide\" data-duration=\"4500\" data-anim=\"ms:200;\" data-in=\"o:0;\" data-out=\"a:false;\">\n\t\t\t\t\t\t\t<img decoding=\"async\" src=\"\/\/www.lsing.cz\/wp-content\/plugins\/revslider\/public\/assets\/assets\/dummy.png\" alt=\"Slide\" title=\"\u00davodn\u00ed str\u00e1nka DE\" class=\"rev-slidebg tp-rs-img rs-lazyload\" data-lazyload=\"\/\/www.lsing.cz\/wp-content\/plugins\/revslider\/public\/assets\/assets\/transparent.png\" data-no-retina>\n<!--\n\t\t\t\t\t\t\t--><rs-layer\n\t\t\t\t\t\t\t\tid=\"slider-5-slide-10-layer-4\" \n\t\t\t\t\t\t\t\tdata-type=\"text\"\n\t\t\t\t\t\t\t\tdata-color=\"#020202\"\n\t\t\t\t\t\t\t\tdata-rsp_ch=\"on\"\n\t\t\t\t\t\t\t\tdata-xy=\"x:47px;y:291px;\"\n\t\t\t\t\t\t\t\tdata-text=\"w:normal;s:64;l:80;a:center;\"\n\t\t\t\t\t\t\t\tdata-dim=\"w:901px;\"\n\t\t\t\t\t\t\t\tdata-border=\"bor:8px,8px,8px,8px;\"\n\t\t\t\t\t\t\t\tdata-frame_1=\"st:100;sp:250;sR:200;\"\n\t\t\t\t\t\t\t\tdata-frame_999=\"o:0;st:w;sp:150;sR:8300;\"\n\t\t\t\t\t\t\t\tstyle=\"z-index:9;background-color:rgba(181,181,181,0.5);font-family:'Roboto';\"\n\t\t\t\t\t\t\t>Stadtm\u00f6bel und Gartenm\u00f6bel \n\t\t\t\t\t\t\t<\/rs-layer><!--\n\n\t\t\t\t\t\t\t--><rs-layer\n\t\t\t\t\t\t\t\tid=\"slider-5-slide-10-layer-6\" \n\t\t\t\t\t\t\t\tdata-type=\"image\"\n\t\t\t\t\t\t\t\tdata-rsp_ch=\"on\"\n\t\t\t\t\t\t\t\tdata-xy=\"x:-1px;y:1px;\"\n\t\t\t\t\t\t\t\tdata-text=\"w:normal;\"\n\t\t\t\t\t\t\t\tdata-dim=\"w:1600px;h:400px;\"\n\t\t\t\t\t\t\t\tdata-frame_999=\"o:0;st:w;\"\n\t\t\t\t\t\t\t\tstyle=\"z-index:8;\"\n\t\t\t\t\t\t\t><img loading=\"lazy\" decoding=\"async\" src=\"\/\/www.lsing.cz\/wp-content\/plugins\/revslider\/public\/assets\/assets\/dummy.png\" class=\"tp-rs-img rs-lazyload\" width=\"1600\" height=\"400\" data-lazyload=\"\/\/www.lsing.cz\/wp-content\/uploads\/2021\/10\/lavicky1-slider-2.jpg\" data-no-retina> \n\t\t\t\t\t\t\t<\/rs-layer><!--\n-->\t\t\t\t\t\t<\/rs-slide>\n\t\t\t\t\t<\/rs-slides>\n\t\t\t\t<\/rs-module>\n\t\t\t\t<script type=\"text\/javascript\">\n\t\t\t\t\tsetREVStartSize({c: 'rev_slider_5_1',rl:[1240,1024,778,480],el:[400],gw:[1600],gh:[400],type:'standard',justify:'',layout:'fullwidth',mh:\"0\"});if (window.RS_MODULES!==undefined && window.RS_MODULES.modules!==undefined && window.RS_MODULES.modules[\"revslider51\"]!==undefined) {window.RS_MODULES.modules[\"revslider51\"].once = false;window.revapi5 = undefined;if (window.RS_MODULES.checkMinimal!==undefined) window.RS_MODULES.checkMinimal()}\n\t\t\t\t<\/script>\n\t\t\t<\/rs-module-wrap>\n\t\t\t<!-- END REVOLUTION SLIDER -->\n\n\n\n\n<div style=\"height:20px\" aria-hidden=\"true\" class=\"wp-block-spacer\"><\/div>\n\n\n\n<div class=\"wp-block-columns has-background is-layout-flex wp-container-core-columns-is-layout-9d6595d7 wp-block-columns-is-layout-flex\" style=\"background:linear-gradient(149deg,rgb(110,160,213) 0%,rgb(56,93,137) 100%)\">\n<div class=\"wp-block-column is-layout-flow wp-block-column-is-layout-flow\">\n<div class=\"wp-block-columns is-layout-flex wp-container-core-columns-is-layout-9d6595d7 wp-block-columns-is-layout-flex\">\n<div class=\"wp-block-column is-layout-flow wp-block-column-is-layout-flow\">\n<figure class=\"wp-block-image size-full\"><img loading=\"lazy\" decoding=\"async\" width=\"800\" height=\"533\" src=\"https:\/\/www.lsing.cz\/wp-content\/uploads\/2021\/10\/obrabeni-uvod.jpg\" alt=\"\" class=\"wp-image-362\" srcset=\"https:\/\/www.lsing.cz\/wp-content\/uploads\/2021\/10\/obrabeni-uvod.jpg 800w, https:\/\/www.lsing.cz\/wp-content\/uploads\/2021\/10\/obrabeni-uvod-300x200.jpg 300w, https:\/\/www.lsing.cz\/wp-content\/uploads\/2021\/10\/obrabeni-uvod-768x512.jpg 768w\" sizes=\"auto, (max-width: 800px) 100vw, 800px\" \/><\/figure>\n\n\n\n<p><\/p>\n<\/div>\n\n\n\n<div class=\"wp-block-column is-layout-flow wp-block-column-is-layout-flow\">\n<h2 class=\"has-theme-palette-9-color has-text-color wp-block-heading\">Metallerzeugnisse<\/h2>\n\n\n\n<ul class=\"wp-block-list\">\n<li>Alle Arten von spanabhebenden Bearbeitungen auf CNC-Maschinen und Automaten, inklusive Verzahnung (Zahnr\u00e4der und Kettenr\u00e4der).<\/li>\n\n\n\n<li>Genaues Laser-, Plasma-, und Gasschneiden.<\/li>\n\n\n\n<li>Nibbeln, Lochstanzen.<\/li>\n\n\n\n<li>Blechbiegung auf genauen CNC-Abkantpressen<\/li>\n\n\n\n<li>Pressen und Blechstanzen auf Kurbel- und Hydraulischenpressen.<\/li>\n\n\n\n<li>Rohrbiegen auf genauen CNC-Rohrbiegemaschinen.<\/li>\n\n\n\n<li>Schwei\u00dfen von Stahlkonstruktionen in verschiedenen Gr\u00f6\u00dfen.<\/li>\n\n\n\n<li>Gussteile in Grauguss und Aluminium, inklusive Bearbeitung.<\/li>\n\n\n\n<li>Oberfl\u00e4chenbehandlungen \u2013 Strahlen, galvanische und Feuerverzinkung, Lackierung und Pulverbeschichtung.<\/li>\n<\/ul>\n\n\n\n<div class=\"wp-block-buttons is-layout-flex wp-block-buttons-is-layout-flex\">\n<div class=\"wp-block-button is-style-fill\"><a class=\"wp-block-button__link has-theme-palette-2-color has-theme-palette-7-background-color has-text-color has-background wp-element-button\" href=\"https:\/\/www.lsing.cz\/index.php\/de\/metallerzeugnisse\/\">Mehr Informationen<\/a><\/div>\n<\/div>\n<\/div>\n<\/div>\n<\/div>\n<\/div>\n\n\n\n<div class=\"wp-block-columns has-background is-layout-flex wp-container-core-columns-is-layout-9d6595d7 wp-block-columns-is-layout-flex\" style=\"background-color:#bbd9f7\">\n<div class=\"wp-block-column is-layout-flow wp-block-column-is-layout-flow\">\n<div class=\"wp-block-columns is-layout-flex wp-container-core-columns-is-layout-9d6595d7 wp-block-columns-is-layout-flex\">\n<div class=\"wp-block-column is-layout-flow wp-block-column-is-layout-flow\">\n<h2 class=\"wp-block-heading\">Konstruktionsarbeiten<\/h2>\n\n\n\n<ul class=\"wp-block-list\">\n<li>Wir erstellen die Konstruktionsarbeiten in den  Programmen AUTOCAD und SOLIDE WORKS.<\/li>\n\n\n\n<li>Die Zeichnungen werden in DWG, DXF, PDF usw. gespeichert und Ihnen zugesandt.<\/li>\n<\/ul>\n\n\n\n<div class=\"wp-block-buttons is-layout-flex wp-block-buttons-is-layout-flex\">\n<div class=\"wp-block-button\"><a class=\"wp-block-button__link wp-element-button\" href=\"https:\/\/www.lsing.cz\/index.php\/de\/konstruktionsarbeiten\/\"> Mehr Informationen <\/a><\/div>\n<\/div>\n<\/div>\n\n\n\n<div class=\"wp-block-column is-layout-flow wp-block-column-is-layout-flow\"><div class=\"wp-block-image\">\n<figure class=\"alignright size-full is-resized\"><img loading=\"lazy\" decoding=\"async\" src=\"https:\/\/www.lsing.cz\/wp-content\/uploads\/2021\/10\/konstrukcni-dokumentace-9.jpg\" alt=\"\" class=\"wp-image-110\" width=\"526\" height=\"372\" srcset=\"https:\/\/www.lsing.cz\/wp-content\/uploads\/2021\/10\/konstrukcni-dokumentace-9.jpg 800w, https:\/\/www.lsing.cz\/wp-content\/uploads\/2021\/10\/konstrukcni-dokumentace-9-300x212.jpg 300w, https:\/\/www.lsing.cz\/wp-content\/uploads\/2021\/10\/konstrukcni-dokumentace-9-768x543.jpg 768w\" sizes=\"auto, (max-width: 526px) 100vw, 526px\" \/><\/figure><\/div><\/div>\n<\/div>\n<\/div>\n<\/div>\n\n\n\n<div class=\"wp-block-columns has-background is-layout-flex wp-container-core-columns-is-layout-9d6595d7 wp-block-columns-is-layout-flex\" style=\"background-color:#2b6cb0\">\n<div class=\"wp-block-column is-layout-flow wp-block-column-is-layout-flow\">\n<div class=\"wp-block-columns is-layout-flex wp-container-core-columns-is-layout-9d6595d7 wp-block-columns-is-layout-flex\">\n<div class=\"wp-block-column is-layout-flow wp-block-column-is-layout-flow\">\n<figure class=\"wp-block-image size-full\"><img loading=\"lazy\" decoding=\"async\" width=\"800\" height=\"600\" src=\"https:\/\/www.lsing.cz\/wp-content\/uploads\/2021\/10\/zahradni-nabytek.jpg\" alt=\"\" class=\"wp-image-283\" srcset=\"https:\/\/www.lsing.cz\/wp-content\/uploads\/2021\/10\/zahradni-nabytek.jpg 800w, https:\/\/www.lsing.cz\/wp-content\/uploads\/2021\/10\/zahradni-nabytek-300x225.jpg 300w, https:\/\/www.lsing.cz\/wp-content\/uploads\/2021\/10\/zahradni-nabytek-768x576.jpg 768w\" sizes=\"auto, (max-width: 800px) 100vw, 800px\" \/><\/figure>\n\n\n\n<p><\/p>\n<\/div>\n\n\n\n<div class=\"wp-block-column is-layout-flow wp-block-column-is-layout-flow\">\n<h2 class=\"has-theme-palette-9-color has-text-color wp-block-heading\">Stadtm\u00f6bel und Gartenm\u00f6bel<\/h2>\n\n\n\n<p class=\"has-theme-palette-9-color has-text-color\">Wir fertigen im Kundenauftrag Gartenb\u00e4nke, Tische, Fahrradst\u00e4nder, \u00dcberdachungen, Abfallbeh\u00e4lter, Pflanzschalen.<br>Gerne produzieren wir auch individuell auf Ihre Anspr\u00fcche und Bed\u00fcrfnisse abgestimmte Produkte.<\/p>\n\n\n\n<div class=\"wp-block-buttons is-layout-flex wp-block-buttons-is-layout-flex\">\n<div class=\"wp-block-button is-style-fill\"><a class=\"wp-block-button__link has-theme-palette-2-color has-theme-palette-7-background-color has-text-color has-background wp-element-button\" href=\"https:\/\/www.lsing.cz\/index.php\/de\/stadtmobel-und-gartenmobel\/\"> Mehr Informationen <\/a><\/div>\n<\/div>\n<\/div>\n<\/div>\n<\/div>\n<\/div>\n\n\n\n<div class=\"wp-block-columns has-background is-layout-flex wp-container-core-columns-is-layout-9d6595d7 wp-block-columns-is-layout-flex\" style=\"background-color:#bbd9f7\">\n<div class=\"wp-block-column is-layout-flow wp-block-column-is-layout-flow\">\n<div class=\"wp-block-columns is-layout-flex wp-container-core-columns-is-layout-9d6595d7 wp-block-columns-is-layout-flex\">\n<div class=\"wp-block-column is-layout-flow wp-block-column-is-layout-flow\">\n<h2 class=\"wp-block-heading\">Ganzglasgel\u00e4nder BALARDO<\/h2>\n\n\n\n<p>Wir bieten Ihnen neue, progressive L\u00f6sungen f\u00fcr Gel\u00e4nder ohne vertikale.<\/p>\n\n\n\n<div class=\"wp-block-buttons is-layout-flex wp-block-buttons-is-layout-flex\">\n<div class=\"wp-block-button\"><a class=\"wp-block-button__link wp-element-button\" href=\"https:\/\/www.glassline.de\" target=\"_blank\" rel=\"noreferrer noopener\">www.glassline.de<\/a><\/div>\n<\/div>\n<\/div>\n\n\n\n<div class=\"wp-block-column is-layout-flow wp-block-column-is-layout-flow\"><div class=\"wp-block-image\">\n<figure class=\"alignright size-large\"><img loading=\"lazy\" decoding=\"async\" width=\"1024\" height=\"341\" src=\"https:\/\/www.lsing.cz\/wp-content\/uploads\/2021\/09\/balardo1-1024x341.jpg\" alt=\"\" class=\"wp-image-41\" srcset=\"https:\/\/www.lsing.cz\/wp-content\/uploads\/2021\/09\/balardo1-1024x341.jpg 1024w, https:\/\/www.lsing.cz\/wp-content\/uploads\/2021\/09\/balardo1-300x100.jpg 300w, https:\/\/www.lsing.cz\/wp-content\/uploads\/2021\/09\/balardo1-768x256.jpg 768w, https:\/\/www.lsing.cz\/wp-content\/uploads\/2021\/09\/balardo1-1536x512.jpg 1536w, https:\/\/www.lsing.cz\/wp-content\/uploads\/2021\/09\/balardo1.jpg 1800w\" sizes=\"auto, (max-width: 1024px) 100vw, 1024px\" \/><\/figure><\/div><\/div>\n<\/div>\n<\/div>\n<\/div>\n","protected":false},"excerpt":{"rendered":"<p>Metallerzeugnisse Konstruktionsarbeiten Stadtm\u00f6bel und Gartenm\u00f6bel Wir fertigen im Kundenauftrag Gartenb\u00e4nke, Tische, Fahrradst\u00e4nder, \u00dcberdachungen, Abfallbeh\u00e4lter, Pflanzschalen.Gerne produzieren wir auch individuell auf Ihre Anspr\u00fcche und Bed\u00fcrfnisse abgestimmte Produkte. Ganzglasgel\u00e4nder BALARDO Wir bieten Ihnen neue, progressive L\u00f6sungen f\u00fcr Gel\u00e4nder ohne vertikale.<\/p>\n","protected":false},"author":1,"featured_media":0,"parent":0,"menu_order":0,"comment_status":"closed","ping_status":"closed","template":"","meta":{"_kadence_starter_templates_imported_post":false,"_kad_post_transparent":"disable","_kad_post_title":"hide","_kad_post_layout":"default","_kad_post_sidebar_id":"","_kad_post_content_style":"default","_kad_post_vertical_padding":"default","_kad_post_feature":"","_kad_post_feature_position":"","_kad_post_header":false,"_kad_post_footer":false,"footnotes":""},"class_list":["post-598","page","type-page","status-publish","hentry"],"_links":{"self":[{"href":"https:\/\/www.lsing.cz\/index.php\/wp-json\/wp\/v2\/pages\/598","targetHints":{"allow":["GET"]}}],"collection":[{"href":"https:\/\/www.lsing.cz\/index.php\/wp-json\/wp\/v2\/pages"}],"about":[{"href":"https:\/\/www.lsing.cz\/index.php\/wp-json\/wp\/v2\/types\/page"}],"author":[{"embeddable":true,"href":"https:\/\/www.lsing.cz\/index.php\/wp-json\/wp\/v2\/users\/1"}],"replies":[{"embeddable":true,"href":"https:\/\/www.lsing.cz\/index.php\/wp-json\/wp\/v2\/comments?post=598"}],"version-history":[{"count":7,"href":"https:\/\/www.lsing.cz\/index.php\/wp-json\/wp\/v2\/pages\/598\/revisions"}],"predecessor-version":[{"id":672,"href":"https:\/\/www.lsing.cz\/index.php\/wp-json\/wp\/v2\/pages\/598\/revisions\/672"}],"wp:attachment":[{"href":"https:\/\/www.lsing.cz\/index.php\/wp-json\/wp\/v2\/media?parent=598"}],"curies":[{"name":"wp","href":"https:\/\/api.w.org\/{rel}","templated":true}]}}