{"id":389,"date":"2021-10-15T19:05:03","date_gmt":"2021-10-15T17:05:03","guid":{"rendered":"https:\/\/www.lsing.cz\/?page_id=389"},"modified":"2021-10-24T10:46:48","modified_gmt":"2021-10-24T08:46:48","slug":"kontakte","status":"publish","type":"page","link":"https:\/\/www.lsing.cz\/index.php\/de\/kontakte\/","title":{"rendered":"Kontakt"},"content":{"rendered":"<div class=\"vsg-map\"><iframe loading=\"lazy\" align=\"left\" width=\"100%\" height=\"380\" frameborder=\"0\" scrolling=\"no\" marginheight=\"0\" marginwidth=\"0\" src=\"https:\/\/maps.google.com\/maps?&q=Kujavy%20125%2C%20Czech%20Republic&amp;cid=&amp;t=m&amp;center=Kujavy%20125%2C%20Czech%20Republic&output=embed&z=14&iwloc=A&visual_refresh=true\"><\/iframe><\/div>\n\n\n\n<div style=\"height:30px\" aria-hidden=\"true\" class=\"wp-block-spacer\"><\/div>\n\n\n\n<div class=\"wp-block-columns is-layout-flex wp-container-core-columns-is-layout-9d6595d7 wp-block-columns-is-layout-flex\">\n<div class=\"wp-block-column is-layout-flow wp-block-column-is-layout-flow\" style=\"flex-basis:40%\">\n<div class=\"wp-block-columns is-layout-flex wp-container-core-columns-is-layout-9d6595d7 wp-block-columns-is-layout-flex\">\n<div class=\"wp-block-column is-layout-flow wp-block-column-is-layout-flow\">\n<p><strong>LS ING s.r.o.<\/strong><br>Kujavy 125<br>742 45 Kujavy<\/p>\n\n\n\n<p><strong>I\u010cO:<\/strong> 25867628<br><strong>DI\u010c:<\/strong> CZ25867628<\/p>\n<\/div>\n\n\n\n<div class=\"wp-block-column is-layout-flow wp-block-column-is-layout-flow\">\n<p><strong>Tel:<\/strong> +420&nbsp;\/&nbsp;556&nbsp;741&nbsp;420<br><strong>Fax:<\/strong> +420&nbsp;\/&nbsp;556&nbsp;741&nbsp;421<br><strong>E-mail:<\/strong><a href=\"mailto:info@lsing.cz\">info@lsing.cz<\/a><\/p>\n<\/div>\n<\/div>\n\n\n\n<div style=\"height:20px\" aria-hidden=\"true\" class=\"wp-block-spacer\"><\/div>\n\n\n\n<hr class=\"wp-block-separator is-style-wide\"\/>\n\n\n\n<div style=\"height:20px\" aria-hidden=\"true\" class=\"wp-block-spacer\"><\/div>\n\n\n\n<p><strong>Ing. Vil\u00e9m Laschober<\/strong> &#8211; <em>Gesch\u00e4ftsf\u00fchrer<\/em><br><strong>Mobil:<\/strong> +420&nbsp;\/&nbsp;737&nbsp;238&nbsp;822<br><strong>E-mail:<\/strong> <a href=\"mailto:vilem.laschober@lsing.cz\">vilem.laschober@lsing.cz<\/a><\/p>\n\n\n\n<p><\/p>\n\n\n\n<p><strong>Roman Sekanina<\/strong> &#8211; <em>Gesch\u00e4ftsf\u00fchrer<\/em><br><strong>Mobil:<\/strong> +420&nbsp;\/&nbsp;608&nbsp;934&nbsp;463<br><strong>E-mail:<\/strong> <a href=\"mailto:roman.sekanina@lsing.cz\">roman.sekanina@lsing.cz<\/a><\/p>\n\n\n\n<p><strong>Alena Ber\u00e1nkov\u00e1<\/strong> &#8211; Assistentin, Balardo<br><strong>Mobil:<\/strong> +420\u00a0\/\u00a0737\u00a0238\u00a0819<br><strong>E-mail:<\/strong> <a href=\"mailto:info@lsing.cz\">info@lsing.cz<\/a><\/p>\n\n\n\n<p><strong>Daniel Pa\u0159enica<\/strong> &#8211; Techniker<br><strong>Mobil:<\/strong> +420&nbsp;\/&nbsp;737&nbsp;238&nbsp;820<br><strong>E-mail:<\/strong> <a href=\"mailto:daniel.parenica@lsing.cz\">daniel.parenica@lsing.cz<\/a><\/p>\n\n\n\n<p><strong>Adam Sekanina<\/strong> &#8211; Techniker<br><strong>Mobil:<\/strong> +420 \/ 602 512 568<br><strong>E-mail:<\/strong> <a href=\"mailto:obchod@lsing.cz\">obchod@lsing.cz<\/a><\/p>\n\n\n\n<p><strong>Ivana Krej\u010d\u00ed\u0159ov\u00e1<\/strong> &#8211; Zusammenarbeit<br><strong>Mobil:<\/strong> +420 \/ 601 360 820<br><strong>E-mail:<\/strong> <a href=\"mailto:ivana.krejcirova@lsing.cz\">ivana.krejcirova@lsing.cz<\/a><\/p>\n<\/div>\n\n\n\n<div class=\"wp-block-column is-layout-flow wp-block-column-is-layout-flow\" style=\"flex-basis:100px\"><\/div>\n\n\n\n<div class=\"wp-block-column is-layout-flow wp-block-column-is-layout-flow\" style=\"flex-basis:50%\">\n<div class=\"wp-block-contact-form-7-contact-form-selector\">\n<div class=\"wpcf7 no-js\" id=\"wpcf7-f562-o1\" lang=\"cs-CZ\" dir=\"ltr\">\n<div class=\"screen-reader-response\"><p role=\"status\" aria-live=\"polite\" aria-atomic=\"true\"><\/p> <ul><\/ul><\/div>\n<form action=\"\/index.php\/wp-json\/wp\/v2\/pages\/389#wpcf7-f562-o1\" method=\"post\" class=\"wpcf7-form init\" aria-label=\"Kontaktn\u00ed formul\u00e1\u0159\" novalidate=\"novalidate\" data-status=\"init\">\n<div style=\"display: none;\">\n<input type=\"hidden\" name=\"_wpcf7\" value=\"562\" \/>\n<input type=\"hidden\" name=\"_wpcf7_version\" value=\"5.7.7\" \/>\n<input type=\"hidden\" name=\"_wpcf7_locale\" value=\"cs_CZ\" \/>\n<input type=\"hidden\" name=\"_wpcf7_unit_tag\" value=\"wpcf7-f562-o1\" \/>\n<input type=\"hidden\" name=\"_wpcf7_container_post\" value=\"0\" \/>\n<input type=\"hidden\" name=\"_wpcf7_posted_data_hash\" value=\"\" \/>\n<input type=\"hidden\" name=\"_wpcf7_recaptcha_response\" value=\"\" \/>\n<\/div>\n<p><b>ASchreiben sie uns<\/b>\n<\/p>\n<p><label> Name *<br \/>\n<span class=\"wpcf7-form-control-wrap\" data-name=\"your-name\"><input size=\"40\" class=\"wpcf7-form-control wpcf7-text wpcf7-validates-as-required\" aria-required=\"true\" aria-invalid=\"false\" value=\"\" type=\"text\" name=\"your-name\" \/><\/span> <\/label>\n<\/p>\n<p><label> Firma *<br \/>\n<span class=\"wpcf7-form-control-wrap\" data-name=\"your-firma\"><input size=\"40\" class=\"wpcf7-form-control wpcf7-text wpcf7-validates-as-required\" aria-required=\"true\" aria-invalid=\"false\" value=\"\" type=\"text\" name=\"your-firma\" \/><\/span> <\/label>\n<\/p>\n<p><label> E-mail *<br \/>\n<span class=\"wpcf7-form-control-wrap\" data-name=\"your-email\"><input size=\"40\" class=\"wpcf7-form-control wpcf7-text wpcf7-email wpcf7-validates-as-required wpcf7-validates-as-email\" aria-required=\"true\" aria-invalid=\"false\" value=\"\" type=\"email\" name=\"your-email\" \/><\/span> <\/label>\n<\/p>\n<p><label> Telefon *<br \/>\n<span class=\"wpcf7-form-control-wrap\" data-name=\"Telefon\"><input size=\"40\" class=\"wpcf7-form-control wpcf7-text wpcf7-tel wpcf7-validates-as-tel\" aria-invalid=\"false\" value=\"\" type=\"tel\" name=\"Telefon\" \/><\/span> <\/label>\n<\/p>\n<p><label> Betreff<br \/>\n<span class=\"wpcf7-form-control-wrap\" data-name=\"your-subject\"><input size=\"40\" class=\"wpcf7-form-control wpcf7-text wpcf7-validates-as-required\" aria-required=\"true\" aria-invalid=\"false\" value=\"\" type=\"text\" name=\"your-subject\" \/><\/span> <\/label>\n<\/p>\n<p><label> Anfrage<br \/>\n<span class=\"wpcf7-form-control-wrap\" data-name=\"your-message\"><textarea cols=\"40\" rows=\"10\" class=\"wpcf7-form-control wpcf7-textarea wpcf7-validates-as-required\" aria-required=\"true\" aria-invalid=\"false\" name=\"your-message\"><\/textarea><\/span> <\/label>\n<\/p>\n<p><input class=\"wpcf7-form-control has-spinner wpcf7-submit\" type=\"submit\" value=\"Odeslat\" \/>\n<\/p><div class=\"wpcf7-response-output\" aria-hidden=\"true\"><\/div>\n<\/form>\n<\/div>\n<\/div>\n<\/div>\n<\/div>\n","protected":false},"excerpt":{"rendered":"<p>LS ING s.r.o.Kujavy 125742 45 Kujavy I\u010cO: 25867628DI\u010c: CZ25867628 Tel: +420&nbsp;\/&nbsp;556&nbsp;741&nbsp;420Fax: +420&nbsp;\/&nbsp;556&nbsp;741&nbsp;421E-mail:info@lsing.cz Ing. Vil\u00e9m Laschober &#8211; Gesch\u00e4ftsf\u00fchrerMobil: +420&nbsp;\/&nbsp;737&nbsp;238&nbsp;822E-mail: vilem.laschober@lsing.cz Roman Sekanina &#8211; Gesch\u00e4ftsf\u00fchrerMobil: +420&nbsp;\/&nbsp;608&nbsp;934&nbsp;463E-mail: roman.sekanina@lsing.cz Alena Ber\u00e1nkov\u00e1 &#8211; Assistentin, BalardoMobil: +420\u00a0\/\u00a0737\u00a0238\u00a0819E-mail: info@lsing.cz Daniel Pa\u0159enica &#8211; TechnikerMobil: +420&nbsp;\/&nbsp;737&nbsp;238&nbsp;820E-mail: daniel.parenica@lsing.cz Adam Sekanina &#8211; TechnikerMobil: +420 \/ 602 512 568E-mail: obchod@lsing.cz Ivana Krej\u010d\u00ed\u0159ov\u00e1 &#8211; ZusammenarbeitMobil: +420 \/ 601&#8230;<\/p>\n","protected":false},"author":1,"featured_media":0,"parent":0,"menu_order":0,"comment_status":"closed","ping_status":"closed","template":"","meta":{"_kadence_starter_templates_imported_post":false,"_kad_post_transparent":"","_kad_post_title":"default","_kad_post_layout":"normal","_kad_post_sidebar_id":"","_kad_post_content_style":"unboxed","_kad_post_vertical_padding":"","_kad_post_feature":"","_kad_post_feature_position":"","_kad_post_header":false,"_kad_post_footer":false,"footnotes":""},"class_list":["post-389","page","type-page","status-publish","hentry"],"_links":{"self":[{"href":"https:\/\/www.lsing.cz\/index.php\/wp-json\/wp\/v2\/pages\/389","targetHints":{"allow":["GET"]}}],"collection":[{"href":"https:\/\/www.lsing.cz\/index.php\/wp-json\/wp\/v2\/pages"}],"about":[{"href":"https:\/\/www.lsing.cz\/index.php\/wp-json\/wp\/v2\/types\/page"}],"author":[{"embeddable":true,"href":"https:\/\/www.lsing.cz\/index.php\/wp-json\/wp\/v2\/users\/1"}],"replies":[{"embeddable":true,"href":"https:\/\/www.lsing.cz\/index.php\/wp-json\/wp\/v2\/comments?post=389"}],"version-history":[{"count":5,"href":"https:\/\/www.lsing.cz\/index.php\/wp-json\/wp\/v2\/pages\/389\/revisions"}],"predecessor-version":[{"id":592,"href":"https:\/\/www.lsing.cz\/index.php\/wp-json\/wp\/v2\/pages\/389\/revisions\/592"}],"wp:attachment":[{"href":"https:\/\/www.lsing.cz\/index.php\/wp-json\/wp\/v2\/media?parent=389"}],"curies":[{"name":"wp","href":"https:\/\/api.w.org\/{rel}","templated":true}]}}