{"id":328,"date":"2021-10-15T09:41:52","date_gmt":"2021-10-15T07:41:52","guid":{"rendered":"https:\/\/www.lsing.cz\/?page_id=328"},"modified":"2021-10-24T11:19:22","modified_gmt":"2021-10-24T09:19:22","slug":"uvodni-stranka-2","status":"publish","type":"page","link":"https:\/\/www.lsing.cz\/","title":{"rendered":"\u00davodn\u00ed str\u00e1nka CZ"},"content":{"rendered":"\n\t\t\t<!-- START Slider CZ REVOLUTION SLIDER 6.5.8 --><p class=\"rs-p-wp-fix\"><\/p>\n\t\t\t<rs-module-wrap id=\"rev_slider_3_1_wrapper\" data-source=\"gallery\" style=\"visibility:hidden;background:transparent;padding:0;margin:0px auto;margin-top:0;margin-bottom:0;\">\n\t\t\t\t<rs-module id=\"rev_slider_3_1\" style=\"\" data-version=\"6.5.8\">\n\t\t\t\t\t<rs-slides>\n\t\t\t\t\t\t<rs-slide style=\"position: absolute;\" data-key=\"rs-5\" data-title=\"Slide\" data-duration=\"4500\" data-anim=\"ms:500;\" data-in=\"o:0;\" data-out=\"a:false;\">\n\t\t\t\t\t\t\t<img decoding=\"async\" src=\"\/\/www.lsing.cz\/wp-content\/plugins\/revslider\/public\/assets\/assets\/dummy.png\" alt=\"Slide\" title=\"\u00davodn\u00ed str\u00e1nka CZ\" class=\"rev-slidebg tp-rs-img rs-lazyload\" data-lazyload=\"\/\/www.lsing.cz\/wp-content\/plugins\/revslider\/public\/assets\/assets\/transparent.png\" data-no-retina>\n<!--\n\t\t\t\t\t\t\t--><rs-layer\n\t\t\t\t\t\t\t\tid=\"slider-3-slide-5-layer-2\" \n\t\t\t\t\t\t\t\tdata-type=\"text\"\n\t\t\t\t\t\t\t\tdata-color=\"#020202\"\n\t\t\t\t\t\t\t\tdata-rsp_ch=\"on\"\n\t\t\t\t\t\t\t\tdata-xy=\"x:1135px;y:294px;\"\n\t\t\t\t\t\t\t\tdata-text=\"w:normal;s:64;l:80;a:center;\"\n\t\t\t\t\t\t\t\tdata-dim=\"w:428px;\"\n\t\t\t\t\t\t\t\tdata-border=\"bor:8px,8px,8px,8px;\"\n\t\t\t\t\t\t\t\tdata-frame_1=\"st:100;sp:250;sR:200;\"\n\t\t\t\t\t\t\t\tdata-frame_999=\"o:0;st:w;sp:150;sR:8300;\"\n\t\t\t\t\t\t\t\tstyle=\"z-index:10;background-color:rgba(181,181,181,0.5);font-family:'Roboto';\"\n\t\t\t\t\t\t\t>CNC Obr\u00e1b\u011bn\u00ed \n\t\t\t\t\t\t\t<\/rs-layer><!--\n\n\t\t\t\t\t\t\t--><rs-layer\n\t\t\t\t\t\t\t\tid=\"slider-3-slide-5-layer-3\" \n\t\t\t\t\t\t\t\tdata-type=\"image\"\n\t\t\t\t\t\t\t\tdata-rsp_ch=\"on\"\n\t\t\t\t\t\t\t\tdata-xy=\"x:-42px;\"\n\t\t\t\t\t\t\t\tdata-text=\"w:normal;\"\n\t\t\t\t\t\t\t\tdata-dim=\"w:1600px;h:400px;\"\n\t\t\t\t\t\t\t\tdata-frame_999=\"o:0;st:w;\"\n\t\t\t\t\t\t\t\tstyle=\"z-index:9;\"\n\t\t\t\t\t\t\t><img loading=\"lazy\" decoding=\"async\" src=\"\/\/www.lsing.cz\/wp-content\/plugins\/revslider\/public\/assets\/assets\/dummy.png\" class=\"tp-rs-img rs-lazyload\" width=\"1600\" height=\"400\" data-lazyload=\"\/\/www.lsing.cz\/wp-content\/uploads\/2021\/10\/cnc-slider-1.jpg\" data-no-retina> \n\t\t\t\t\t\t\t<\/rs-layer><!--\n-->\t\t\t\t\t\t<\/rs-slide>\n\t\t\t\t\t\t<rs-slide style=\"position: absolute;\" data-key=\"rs-6\" data-title=\"Slide\" data-duration=\"4500\" data-anim=\"ms:200;\" data-in=\"o:0;\" data-out=\"a:false;\">\n\t\t\t\t\t\t\t<img decoding=\"async\" src=\"\/\/www.lsing.cz\/wp-content\/plugins\/revslider\/public\/assets\/assets\/dummy.png\" alt=\"Slide\" title=\"\u00davodn\u00ed str\u00e1nka CZ\" class=\"rev-slidebg tp-rs-img rs-lazyload\" data-lazyload=\"\/\/www.lsing.cz\/wp-content\/plugins\/revslider\/public\/assets\/assets\/transparent.png\" data-no-retina>\n<!--\n\t\t\t\t\t\t\t--><rs-layer\n\t\t\t\t\t\t\t\tid=\"slider-3-slide-6-layer-4\" \n\t\t\t\t\t\t\t\tdata-type=\"text\"\n\t\t\t\t\t\t\t\tdata-color=\"#020202\"\n\t\t\t\t\t\t\t\tdata-rsp_ch=\"on\"\n\t\t\t\t\t\t\t\tdata-xy=\"x:47px;y:291px;\"\n\t\t\t\t\t\t\t\tdata-text=\"w:normal;s:64;l:80;a:center;\"\n\t\t\t\t\t\t\t\tdata-dim=\"w:520px;\"\n\t\t\t\t\t\t\t\tdata-border=\"bor:8px,8px,8px,8px;\"\n\t\t\t\t\t\t\t\tdata-frame_1=\"st:100;sp:250;sR:200;\"\n\t\t\t\t\t\t\t\tdata-frame_999=\"o:0;st:w;sp:150;sR:8300;\"\n\t\t\t\t\t\t\t\tstyle=\"z-index:9;background-color:rgba(181,181,181,0.5);font-family:'Roboto';\"\n\t\t\t\t\t\t\t>M\u011bstsk\u00fd mobili\u00e1\u0159 \n\t\t\t\t\t\t\t<\/rs-layer><!--\n\n\t\t\t\t\t\t\t--><rs-layer\n\t\t\t\t\t\t\t\tid=\"slider-3-slide-6-layer-6\" \n\t\t\t\t\t\t\t\tdata-type=\"image\"\n\t\t\t\t\t\t\t\tdata-rsp_ch=\"on\"\n\t\t\t\t\t\t\t\tdata-xy=\"x:-1px;y:1px;\"\n\t\t\t\t\t\t\t\tdata-text=\"w:normal;\"\n\t\t\t\t\t\t\t\tdata-dim=\"w:1600px;h:400px;\"\n\t\t\t\t\t\t\t\tdata-frame_999=\"o:0;st:w;\"\n\t\t\t\t\t\t\t\tstyle=\"z-index:8;\"\n\t\t\t\t\t\t\t><img loading=\"lazy\" decoding=\"async\" src=\"\/\/www.lsing.cz\/wp-content\/plugins\/revslider\/public\/assets\/assets\/dummy.png\" class=\"tp-rs-img rs-lazyload\" width=\"1600\" height=\"400\" data-lazyload=\"\/\/www.lsing.cz\/wp-content\/uploads\/2021\/10\/lavicky1-slider-2.jpg\" data-no-retina> \n\t\t\t\t\t\t\t<\/rs-layer><!--\n-->\t\t\t\t\t\t<\/rs-slide>\n\t\t\t\t\t<\/rs-slides>\n\t\t\t\t<\/rs-module>\n\t\t\t\t<script type=\"text\/javascript\">\n\t\t\t\t\tsetREVStartSize({c: 'rev_slider_3_1',rl:[1240,1024,778,480],el:[400],gw:[1600],gh:[400],type:'standard',justify:'',layout:'fullwidth',mh:\"0\"});if (window.RS_MODULES!==undefined && window.RS_MODULES.modules!==undefined && window.RS_MODULES.modules[\"revslider31\"]!==undefined) {window.RS_MODULES.modules[\"revslider31\"].once = false;window.revapi3 = undefined;if (window.RS_MODULES.checkMinimal!==undefined) window.RS_MODULES.checkMinimal()}\n\t\t\t\t<\/script>\n\t\t\t<\/rs-module-wrap>\n\t\t\t<!-- END REVOLUTION SLIDER -->\n\n\n\n\n<div style=\"height:20px\" aria-hidden=\"true\" class=\"wp-block-spacer\"><\/div>\n\n\n\n<div class=\"wp-block-columns has-background is-layout-flex wp-container-core-columns-is-layout-9d6595d7 wp-block-columns-is-layout-flex\" style=\"background:linear-gradient(149deg,rgb(110,160,213) 0%,rgb(56,93,137) 100%)\">\n<div class=\"wp-block-column is-layout-flow wp-block-column-is-layout-flow\">\n<div class=\"wp-block-columns is-layout-flex wp-container-core-columns-is-layout-9d6595d7 wp-block-columns-is-layout-flex\">\n<div class=\"wp-block-column is-layout-flow wp-block-column-is-layout-flow\">\n<figure class=\"wp-block-image size-full\"><img loading=\"lazy\" decoding=\"async\" width=\"800\" height=\"533\" src=\"https:\/\/www.lsing.cz\/wp-content\/uploads\/2021\/10\/obrabeni-uvod.jpg\" alt=\"\" class=\"wp-image-362\" srcset=\"https:\/\/www.lsing.cz\/wp-content\/uploads\/2021\/10\/obrabeni-uvod.jpg 800w, https:\/\/www.lsing.cz\/wp-content\/uploads\/2021\/10\/obrabeni-uvod-300x200.jpg 300w, https:\/\/www.lsing.cz\/wp-content\/uploads\/2021\/10\/obrabeni-uvod-768x512.jpg 768w\" sizes=\"auto, (max-width: 800px) 100vw, 800px\" \/><\/figure>\n\n\n\n<p><\/p>\n<\/div>\n\n\n\n<div class=\"wp-block-column is-layout-flow wp-block-column-is-layout-flow\">\n<h2 class=\"has-theme-palette-9-color has-text-color wp-block-heading\"> Kovov\u00e9 v\u00fdrobky <\/h2>\n\n\n\n<ul class=\"has-theme-palette-9-color has-text-color wp-block-list\"><li>Ve\u0161ker\u00e9 obr\u00e1b\u011bn\u00ed d\u00edlc\u016f na klasick\u00fdch stroj\u00edch, CNC stroj\u00edch i automatech v\u010detn\u011b ozuben\u00ed (ozuben\u00e1 a \u0159et\u011bzov\u00e1 kola).<\/li><li>P\u0159esn\u00e9 \u0159ez\u00e1n\u00ed plech\u016f laserem, plazmou i plynem.<\/li><li>D\u011brov\u00e1n\u00ed a vysek\u00e1v\u00e1n\u00ed plech\u016f.<\/li><li>Oh\u00fdban\u00ed plech\u016f na p\u0159esn\u00fdch CNC ohra\u0148ovac\u00edch lisech.<\/li><li>Lisov\u00e1n\u00ed na klikov\u00fdch a hydraulick\u00fdch lisech.<\/li><li>Oh\u00fdban\u00ed trubek na CNC stroj\u00edch.<\/li><li>Sva\u0159ov\u00e1n\u00ed ocelov\u00fdch a hlin\u00edkov\u00fdch konstrukc\u00ed r\u016fzn\u00fdch velikost\u00ed.<\/li><li>Odlitky ze \u0161ed\u00e9 litiny a slitin hlin\u00edku v\u010detn\u011b opracov\u00e1n\u00ed.<\/li><li>Povrchov\u00e9 ochrany jako trysk\u00e1n\u00ed, galvanick\u00e9 a \u017e\u00e1rov\u00e9 zinkov\u00e1n\u00ed, pr\u00e1\u0161kov\u00e1n\u00ed, lakov\u00e1n\u00ed atd.<\/li><\/ul>\n\n\n\n<div class=\"wp-block-buttons is-layout-flex wp-block-buttons-is-layout-flex\">\n<div class=\"wp-block-button is-style-fill\"><a class=\"wp-block-button__link has-theme-palette-2-color has-theme-palette-7-background-color has-text-color has-background\" href=\"https:\/\/www.lsing.cz\/index.php\/produkty\/kovove-vyrobky\/\">V\u00edce informac\u00ed<\/a><\/div>\n<\/div>\n<\/div>\n<\/div>\n<\/div>\n<\/div>\n\n\n\n<div class=\"wp-block-columns has-background is-layout-flex wp-container-core-columns-is-layout-9d6595d7 wp-block-columns-is-layout-flex\" style=\"background-color:#bbd9f7\">\n<div class=\"wp-block-column is-layout-flow wp-block-column-is-layout-flow\">\n<div class=\"wp-block-columns is-layout-flex wp-container-core-columns-is-layout-9d6595d7 wp-block-columns-is-layout-flex\">\n<div class=\"wp-block-column is-layout-flow wp-block-column-is-layout-flow\">\n<h2 class=\"wp-block-heading\">Konstruk\u010dn\u00ed dokumentace<\/h2>\n\n\n\n<ul class=\"wp-block-list\"><li>Konstruk\u010dn\u00ed pr\u00e1ce prov\u00e1d\u00edme v programech AUTOCAD a SOLIDE WORKS.<\/li><li>V\u00fdkresy V\u00e1m dod\u00e1me v po\u017eadovan\u00fdch form\u00e1tech nap\u0159. DWG, DXF, PDF atd.<\/li><\/ul>\n\n\n\n<div class=\"wp-block-buttons is-layout-flex wp-block-buttons-is-layout-flex\">\n<div class=\"wp-block-button\"><a class=\"wp-block-button__link\" href=\"https:\/\/www.lsing.cz\/index.php\/produkty\/konstrukcni-dokumentace\/\">V\u00edce informac\u00ed<\/a><\/div>\n<\/div>\n<\/div>\n\n\n\n<div class=\"wp-block-column is-layout-flow wp-block-column-is-layout-flow\">\n<div class=\"wp-block-image\"><figure class=\"alignright size-full is-resized\"><img loading=\"lazy\" decoding=\"async\" src=\"https:\/\/www.lsing.cz\/wp-content\/uploads\/2021\/10\/konstrukcni-dokumentace-9.jpg\" alt=\"\" class=\"wp-image-110\" width=\"526\" height=\"372\" srcset=\"https:\/\/www.lsing.cz\/wp-content\/uploads\/2021\/10\/konstrukcni-dokumentace-9.jpg 800w, https:\/\/www.lsing.cz\/wp-content\/uploads\/2021\/10\/konstrukcni-dokumentace-9-300x212.jpg 300w, https:\/\/www.lsing.cz\/wp-content\/uploads\/2021\/10\/konstrukcni-dokumentace-9-768x543.jpg 768w\" sizes=\"auto, (max-width: 526px) 100vw, 526px\" \/><\/figure><\/div>\n<\/div>\n<\/div>\n<\/div>\n<\/div>\n\n\n\n<div class=\"wp-block-columns has-background is-layout-flex wp-container-core-columns-is-layout-9d6595d7 wp-block-columns-is-layout-flex\" style=\"background-color:#2b6cb0\">\n<div class=\"wp-block-column is-layout-flow wp-block-column-is-layout-flow\">\n<div class=\"wp-block-columns is-layout-flex wp-container-core-columns-is-layout-9d6595d7 wp-block-columns-is-layout-flex\">\n<div class=\"wp-block-column is-layout-flow wp-block-column-is-layout-flow\">\n<figure class=\"wp-block-image size-full\"><img loading=\"lazy\" decoding=\"async\" width=\"800\" height=\"600\" src=\"https:\/\/www.lsing.cz\/wp-content\/uploads\/2021\/10\/zahradni-nabytek.jpg\" alt=\"\" class=\"wp-image-283\" srcset=\"https:\/\/www.lsing.cz\/wp-content\/uploads\/2021\/10\/zahradni-nabytek.jpg 800w, https:\/\/www.lsing.cz\/wp-content\/uploads\/2021\/10\/zahradni-nabytek-300x225.jpg 300w, https:\/\/www.lsing.cz\/wp-content\/uploads\/2021\/10\/zahradni-nabytek-768x576.jpg 768w\" sizes=\"auto, (max-width: 800px) 100vw, 800px\" \/><\/figure>\n\n\n\n<p><\/p>\n<\/div>\n\n\n\n<div class=\"wp-block-column is-layout-flow wp-block-column-is-layout-flow\">\n<h2 class=\"has-theme-palette-9-color has-text-color wp-block-heading\">M\u011bstsk\u00fd mobili\u00e1\u0159 a zahradn\u00ed n\u00e1bytek<\/h2>\n\n\n\n<p class=\"has-theme-palette-9-color has-text-color\">Nab\u00edz\u00edme zahradn\u00ed lavice, stoly, p\u0159\u00edst\u0159e\u0161ky na kola, stojany na kola, n\u00e1doby na odpad, n\u00e1doby na rostliny a kv\u011btiny atd., kter\u00e9 standardn\u011b vyr\u00e1b\u00edme pro na\u0161e z\u00e1kazn\u00edky v N\u011bmecku. V\u0161e pro V\u00e1s vyrob\u00edme i na m\u00edru dle Va\u0161ich po\u017eadavk\u016f.<\/p>\n\n\n\n<div class=\"wp-block-buttons is-layout-flex wp-block-buttons-is-layout-flex\">\n<div class=\"wp-block-button is-style-fill\"><a class=\"wp-block-button__link has-theme-palette-2-color has-theme-palette-7-background-color has-text-color has-background\" href=\"https:\/\/www.lsing.cz\/index.php\/produkty\/zahradni-nabytek-a-mestsky-mobiliar\/\">V\u00edce informac\u00ed<\/a><\/div>\n<\/div>\n<\/div>\n<\/div>\n<\/div>\n<\/div>\n\n\n\n<div class=\"wp-block-columns has-background is-layout-flex wp-container-core-columns-is-layout-9d6595d7 wp-block-columns-is-layout-flex\" style=\"background-color:#bbd9f7\">\n<div class=\"wp-block-column is-layout-flow wp-block-column-is-layout-flow\">\n<div class=\"wp-block-columns is-layout-flex wp-container-core-columns-is-layout-9d6595d7 wp-block-columns-is-layout-flex\">\n<div class=\"wp-block-column is-layout-flow wp-block-column-is-layout-flow\">\n<h2 class=\"wp-block-heading\">Celosklen\u011bn\u00e9 z\u00e1bradl\u00ed BALARDO<\/h2>\n\n\n\n<p>BALARDO je kompletn\u011b novou koncepc\u00ed sklen\u011bn\u00e9ho z\u00e1bradl\u00ed, kter\u00e1 umo\u017enila sn\u00ed\u017eit n\u00e1klady na v\u00fdrobu i mont\u00e1\u017e. Syst\u00e9m BALARDO byl ov\u011b\u0159en ve zku\u0161ebn\u00e1ch a&nbsp;je&nbsp;postaven na zcela nov\u00e9 syst\u00e9mov\u00e9 koncepci. Z&nbsp;t\u011bchto d\u016fvod\u016f se tento syst\u00e9m stal zaj\u00edmav\u011bj\u0161\u00ed a&nbsp;ekonomi\u010dt\u011bj\u0161\u00ed ne\u017e kter\u00fdkoliv syst\u00e9m p\u0159edt\u00edm.<\/p>\n\n\n\n<div class=\"wp-block-buttons is-layout-flex wp-block-buttons-is-layout-flex\">\n<div class=\"wp-block-button\"><a class=\"wp-block-button__link\" href=\"https:\/\/www.glassline.de\" target=\"_blank\" rel=\"noreferrer noopener\">www.glassline.de<\/a><\/div>\n<\/div>\n<\/div>\n\n\n\n<div class=\"wp-block-column is-layout-flow wp-block-column-is-layout-flow\">\n<div class=\"wp-block-image\"><figure class=\"alignright size-large\"><img loading=\"lazy\" decoding=\"async\" width=\"1024\" height=\"341\" src=\"https:\/\/www.lsing.cz\/wp-content\/uploads\/2021\/09\/balardo1-1024x341.jpg\" alt=\"\" class=\"wp-image-41\" srcset=\"https:\/\/www.lsing.cz\/wp-content\/uploads\/2021\/09\/balardo1-1024x341.jpg 1024w, https:\/\/www.lsing.cz\/wp-content\/uploads\/2021\/09\/balardo1-300x100.jpg 300w, https:\/\/www.lsing.cz\/wp-content\/uploads\/2021\/09\/balardo1-768x256.jpg 768w, https:\/\/www.lsing.cz\/wp-content\/uploads\/2021\/09\/balardo1-1536x512.jpg 1536w, https:\/\/www.lsing.cz\/wp-content\/uploads\/2021\/09\/balardo1.jpg 1800w\" sizes=\"auto, (max-width: 1024px) 100vw, 1024px\" \/><\/figure><\/div>\n<\/div>\n<\/div>\n<\/div>\n<\/div>\n","protected":false},"excerpt":{"rendered":"<p>Kovov\u00e9 v\u00fdrobky Ve\u0161ker\u00e9 obr\u00e1b\u011bn\u00ed d\u00edlc\u016f na klasick\u00fdch stroj\u00edch, CNC stroj\u00edch i automatech v\u010detn\u011b ozuben\u00ed (ozuben\u00e1 a \u0159et\u011bzov\u00e1 kola). P\u0159esn\u00e9 \u0159ez\u00e1n\u00ed plech\u016f laserem, plazmou i plynem. D\u011brov\u00e1n\u00ed a vysek\u00e1v\u00e1n\u00ed plech\u016f. Oh\u00fdban\u00ed plech\u016f na p\u0159esn\u00fdch CNC ohra\u0148ovac\u00edch lisech. Lisov\u00e1n\u00ed na klikov\u00fdch a hydraulick\u00fdch lisech. Oh\u00fdban\u00ed trubek na CNC stroj\u00edch. Sva\u0159ov\u00e1n\u00ed ocelov\u00fdch a hlin\u00edkov\u00fdch konstrukc\u00ed r\u016fzn\u00fdch velikost\u00ed. Odlitky&#8230;<\/p>\n","protected":false},"author":1,"featured_media":0,"parent":0,"menu_order":0,"comment_status":"closed","ping_status":"closed","template":"","meta":{"_kadence_starter_templates_imported_post":false,"_kad_post_transparent":"disable","_kad_post_title":"hide","_kad_post_layout":"default","_kad_post_sidebar_id":"","_kad_post_content_style":"default","_kad_post_vertical_padding":"default","_kad_post_feature":"","_kad_post_feature_position":"","_kad_post_header":false,"_kad_post_footer":false,"footnotes":""},"class_list":["post-328","page","type-page","status-publish","hentry"],"_links":{"self":[{"href":"https:\/\/www.lsing.cz\/index.php\/wp-json\/wp\/v2\/pages\/328","targetHints":{"allow":["GET"]}}],"collection":[{"href":"https:\/\/www.lsing.cz\/index.php\/wp-json\/wp\/v2\/pages"}],"about":[{"href":"https:\/\/www.lsing.cz\/index.php\/wp-json\/wp\/v2\/types\/page"}],"author":[{"embeddable":true,"href":"https:\/\/www.lsing.cz\/index.php\/wp-json\/wp\/v2\/users\/1"}],"replies":[{"embeddable":true,"href":"https:\/\/www.lsing.cz\/index.php\/wp-json\/wp\/v2\/comments?post=328"}],"version-history":[{"count":29,"href":"https:\/\/www.lsing.cz\/index.php\/wp-json\/wp\/v2\/pages\/328\/revisions"}],"predecessor-version":[{"id":595,"href":"https:\/\/www.lsing.cz\/index.php\/wp-json\/wp\/v2\/pages\/328\/revisions\/595"}],"wp:attachment":[{"href":"https:\/\/www.lsing.cz\/index.php\/wp-json\/wp\/v2\/media?parent=328"}],"curies":[{"name":"wp","href":"https:\/\/api.w.org\/{rel}","templated":true}]}}