{"id":216,"date":"2021-10-04T07:37:09","date_gmt":"2021-10-04T05:37:09","guid":{"rendered":"https:\/\/www.lsing.cz\/?page_id=216"},"modified":"2021-10-16T17:15:16","modified_gmt":"2021-10-16T15:15:16","slug":"balardo","status":"publish","type":"page","link":"https:\/\/www.lsing.cz\/index.php\/produkty\/balardo\/","title":{"rendered":"Balardo"},"content":{"rendered":"\n<p>Nab\u00edz\u00edme nov\u00e9 progres\u00edvn\u00ed \u0159e\u0161en\u00ed z\u00e1bradl\u00ed bez svisl\u00fdch sloupk\u016f.<\/p>\n\n\n\n<p>BALARDO je kompletn\u011b novou koncepc\u00ed sklen\u011bn\u00e9ho z\u00e1bradl\u00ed, kter\u00e1 umo\u017enila sn\u00ed\u017eit n\u00e1klady na v\u00fdrobu i mont\u00e1\u017e. Syst\u00e9m BALARDO byl ov\u011b\u0159en ve zku\u0161ebn\u00e1ch a&nbsp;je&nbsp;postaven na zcela nov\u00e9 syst\u00e9mov\u00e9 koncepci. Z&nbsp;t\u011bchto d\u016fvod\u016f se tento syst\u00e9m stal zaj\u00edmav\u011bj\u0161\u00ed a&nbsp;ekonomi\u010dt\u011bj\u0161\u00ed ne\u017e kter\u00fdkoliv syst\u00e9m p\u0159edt\u00edm.<\/p>\n\n\n\n<p><a href=\"https:\/\/www.glassline.de\" target=\"_blank\" rel=\"noreferrer noopener\">www.glassline.de<\/a><\/p>\n\n\n\n<figure class=\"wp-block-image size-full\"><img loading=\"lazy\" decoding=\"async\" width=\"1800\" height=\"600\" src=\"https:\/\/www.lsing.cz\/wp-content\/uploads\/2021\/09\/balardo3.jpg\" alt=\"\" class=\"wp-image-43\" srcset=\"https:\/\/www.lsing.cz\/wp-content\/uploads\/2021\/09\/balardo3.jpg 1800w, https:\/\/www.lsing.cz\/wp-content\/uploads\/2021\/09\/balardo3-300x100.jpg 300w, https:\/\/www.lsing.cz\/wp-content\/uploads\/2021\/09\/balardo3-1024x341.jpg 1024w, https:\/\/www.lsing.cz\/wp-content\/uploads\/2021\/09\/balardo3-768x256.jpg 768w, https:\/\/www.lsing.cz\/wp-content\/uploads\/2021\/09\/balardo3-1536x512.jpg 1536w\" sizes=\"auto, (max-width: 1800px) 100vw, 1800px\" \/><\/figure>\n\n\n\n<div style=\"height:39px\" aria-hidden=\"true\" class=\"wp-block-spacer\"><\/div>\n","protected":false},"excerpt":{"rendered":"<p>Nab\u00edz\u00edme nov\u00e9 progres\u00edvn\u00ed \u0159e\u0161en\u00ed z\u00e1bradl\u00ed bez svisl\u00fdch sloupk\u016f. BALARDO je kompletn\u011b novou koncepc\u00ed sklen\u011bn\u00e9ho z\u00e1bradl\u00ed, kter\u00e1 umo\u017enila sn\u00ed\u017eit n\u00e1klady na v\u00fdrobu i mont\u00e1\u017e. Syst\u00e9m BALARDO byl ov\u011b\u0159en ve zku\u0161ebn\u00e1ch a&nbsp;je&nbsp;postaven na zcela nov\u00e9 syst\u00e9mov\u00e9 koncepci. Z&nbsp;t\u011bchto d\u016fvod\u016f se tento syst\u00e9m stal zaj\u00edmav\u011bj\u0161\u00ed a&nbsp;ekonomi\u010dt\u011bj\u0161\u00ed ne\u017e kter\u00fdkoliv syst\u00e9m p\u0159edt\u00edm. www.glassline.de<\/p>\n","protected":false},"author":1,"featured_media":0,"parent":71,"menu_order":0,"comment_status":"closed","ping_status":"closed","template":"","meta":{"_kadence_starter_templates_imported_post":false,"_kad_post_transparent":"","_kad_post_title":"","_kad_post_layout":"normal","_kad_post_sidebar_id":"","_kad_post_content_style":"unboxed","_kad_post_vertical_padding":"","_kad_post_feature":"","_kad_post_feature_position":"","_kad_post_header":false,"_kad_post_footer":false,"footnotes":""},"class_list":["post-216","page","type-page","status-publish","hentry"],"_links":{"self":[{"href":"https:\/\/www.lsing.cz\/index.php\/wp-json\/wp\/v2\/pages\/216","targetHints":{"allow":["GET"]}}],"collection":[{"href":"https:\/\/www.lsing.cz\/index.php\/wp-json\/wp\/v2\/pages"}],"about":[{"href":"https:\/\/www.lsing.cz\/index.php\/wp-json\/wp\/v2\/types\/page"}],"author":[{"embeddable":true,"href":"https:\/\/www.lsing.cz\/index.php\/wp-json\/wp\/v2\/users\/1"}],"replies":[{"embeddable":true,"href":"https:\/\/www.lsing.cz\/index.php\/wp-json\/wp\/v2\/comments?post=216"}],"version-history":[{"count":5,"href":"https:\/\/www.lsing.cz\/index.php\/wp-json\/wp\/v2\/pages\/216\/revisions"}],"predecessor-version":[{"id":553,"href":"https:\/\/www.lsing.cz\/index.php\/wp-json\/wp\/v2\/pages\/216\/revisions\/553"}],"up":[{"embeddable":true,"href":"https:\/\/www.lsing.cz\/index.php\/wp-json\/wp\/v2\/pages\/71"}],"wp:attachment":[{"href":"https:\/\/www.lsing.cz\/index.php\/wp-json\/wp\/v2\/media?parent=216"}],"curies":[{"name":"wp","href":"https:\/\/api.w.org\/{rel}","templated":true}]}}