{"id":17,"date":"2021-09-27T08:40:40","date_gmt":"2021-09-27T06:40:40","guid":{"rendered":"https:\/\/www.lsing.cz\/?page_id=17"},"modified":"2021-10-23T11:18:11","modified_gmt":"2021-10-23T09:18:11","slug":"o-nas","status":"publish","type":"page","link":"https:\/\/www.lsing.cz\/index.php\/o-nas\/","title":{"rendered":"O n\u00e1s"},"content":{"rendered":"\n<h3 class=\"wp-block-heading\">CO D\u011aL\u00c1ME<\/h3>\n\n\n\n<div class=\"wp-block-columns is-layout-flex wp-container-core-columns-is-layout-9d6595d7 wp-block-columns-is-layout-flex\">\n<div class=\"wp-block-column is-layout-flow wp-block-column-is-layout-flow\">\n<p>Nab\u00edz\u00edme v\u00e1m zprost\u0159edkov\u00e1n\u00ed v\u00fdroby a slu\u017eeb, technick\u00e9 poradenstv\u00ed, n\u00e1kup a prodej, tlumo\u010den\u00ed n\u011bmeck\u00e9ho jazyka a s t\u00edm spojen\u00e9 \u010dinnosti.<br><br>D\u016fraz klademe na komplexn\u00ed slu\u017eby, tzn. od p\u0159evzet\u00ed zad\u00e1n\u00ed (p\u0159edstavy) z\u00e1kazn\u00edka, p\u0159es zpracov\u00e1n\u00ed konstruk\u010dn\u00ed, p\u0159\u00edpadn\u011b i materi\u00e1lov\u00e9 a technologick\u00e9 dokumentace, a\u017e po zaji\u0161t\u011bn\u00ed samotn\u00e9 v\u00fdroby a dopravy.<\/p>\n\n\n\n<h3 class=\"wp-block-heading\"><span class=\"has-inline-color has-theme-palette-2-color\">PRO\u010c ZVOLIT PR\u00c1V\u011a N\u00c1S?<\/span><\/h3>\n\n\n\n<ul class=\"wp-block-list\"><li><span class=\"has-inline-color has-theme-palette-2-color\">individu\u00e1ln\u00ed p\u0159\u00edstup k z\u00e1kazn\u00edkovi<\/span><\/li><li><span class=\"has-inline-color has-theme-palette-2-color\">snaha vyj\u00edt vst\u0159\u00edc Va\u0161im po\u017eadavk\u016fm<\/span><\/li><li><span class=\"has-inline-color has-theme-palette-2-color\">flexibilita a pru\u017enost<\/span><\/li><li><span class=\"has-inline-color has-theme-palette-2-color\">rychlost a kr\u00e1tk\u00e9 dodac\u00ed lh\u016fty<\/span><\/li><li><span class=\"has-inline-color has-theme-palette-2-color\">d\u016fraz na kvalitu<\/span><\/li><li><span class=\"has-inline-color has-theme-palette-2-color\">p\u0159\u00edzniv\u00e9 ceny<\/span><\/li><\/ul>\n<\/div>\n\n\n\n<div class=\"wp-block-column is-layout-flow wp-block-column-is-layout-flow\">\n<figure class=\"wp-block-image size-large\"><img loading=\"lazy\" decoding=\"async\" width=\"1024\" height=\"768\" src=\"https:\/\/www.lsing.cz\/wp-content\/uploads\/2021\/10\/firma-1024x768.jpeg\" alt=\"\" class=\"wp-image-573\" srcset=\"https:\/\/www.lsing.cz\/wp-content\/uploads\/2021\/10\/firma-1024x768.jpeg 1024w, https:\/\/www.lsing.cz\/wp-content\/uploads\/2021\/10\/firma-300x225.jpeg 300w, https:\/\/www.lsing.cz\/wp-content\/uploads\/2021\/10\/firma-768x576.jpeg 768w, https:\/\/www.lsing.cz\/wp-content\/uploads\/2021\/10\/firma-1536x1152.jpeg 1536w, https:\/\/www.lsing.cz\/wp-content\/uploads\/2021\/10\/firma.jpeg 2016w\" sizes=\"auto, (max-width: 1024px) 100vw, 1024px\" \/><\/figure>\n<\/div>\n<\/div>\n","protected":false},"excerpt":{"rendered":"<p>CO D\u011aL\u00c1ME Nab\u00edz\u00edme v\u00e1m zprost\u0159edkov\u00e1n\u00ed v\u00fdroby a slu\u017eeb, technick\u00e9 poradenstv\u00ed, n\u00e1kup a prodej, tlumo\u010den\u00ed n\u011bmeck\u00e9ho jazyka a s t\u00edm spojen\u00e9 \u010dinnosti. D\u016fraz klademe na komplexn\u00ed slu\u017eby, tzn. od p\u0159evzet\u00ed zad\u00e1n\u00ed (p\u0159edstavy) z\u00e1kazn\u00edka, p\u0159es zpracov\u00e1n\u00ed konstruk\u010dn\u00ed, p\u0159\u00edpadn\u011b i materi\u00e1lov\u00e9 a technologick\u00e9 dokumentace, a\u017e po zaji\u0161t\u011bn\u00ed samotn\u00e9 v\u00fdroby a dopravy. PRO\u010c ZVOLIT PR\u00c1V\u011a N\u00c1S? individu\u00e1ln\u00ed p\u0159\u00edstup k&#8230;<\/p>\n","protected":false},"author":1,"featured_media":0,"parent":0,"menu_order":0,"comment_status":"closed","ping_status":"closed","template":"","meta":{"_kadence_starter_templates_imported_post":false,"_kad_post_transparent":"","_kad_post_title":"default","_kad_post_layout":"default","_kad_post_sidebar_id":"","_kad_post_content_style":"unboxed","_kad_post_vertical_padding":"","_kad_post_feature":"","_kad_post_feature_position":"","_kad_post_header":false,"_kad_post_footer":false,"footnotes":""},"class_list":["post-17","page","type-page","status-publish","hentry"],"_links":{"self":[{"href":"https:\/\/www.lsing.cz\/index.php\/wp-json\/wp\/v2\/pages\/17","targetHints":{"allow":["GET"]}}],"collection":[{"href":"https:\/\/www.lsing.cz\/index.php\/wp-json\/wp\/v2\/pages"}],"about":[{"href":"https:\/\/www.lsing.cz\/index.php\/wp-json\/wp\/v2\/types\/page"}],"author":[{"embeddable":true,"href":"https:\/\/www.lsing.cz\/index.php\/wp-json\/wp\/v2\/users\/1"}],"replies":[{"embeddable":true,"href":"https:\/\/www.lsing.cz\/index.php\/wp-json\/wp\/v2\/comments?post=17"}],"version-history":[{"count":6,"href":"https:\/\/www.lsing.cz\/index.php\/wp-json\/wp\/v2\/pages\/17\/revisions"}],"predecessor-version":[{"id":664,"href":"https:\/\/www.lsing.cz\/index.php\/wp-json\/wp\/v2\/pages\/17\/revisions\/664"}],"wp:attachment":[{"href":"https:\/\/www.lsing.cz\/index.php\/wp-json\/wp\/v2\/media?parent=17"}],"curies":[{"name":"wp","href":"https:\/\/api.w.org\/{rel}","templated":true}]}}